{"id":20704,"date":"2023-11-07T16:10:30","date_gmt":"2023-11-07T15:10:30","guid":{"rendered":"https:\/\/terapiatri.com\/?page_id=20704"},"modified":"2024-01-18T17:57:04","modified_gmt":"2024-01-18T16:57:04","slug":"codi-deontologic-de-tri","status":"publish","type":"page","link":"https:\/\/asociacioninternacionaltri.org\/ca\/codigo-deontologico-de-tri\/","title":{"rendered":"Codi Deontol\u00f2gic de TRI\u00ae"},"content":{"rendered":"<div class=\"fusion-fullwidth fullwidth-box fusion-builder-row-1 fusion-flex-container has-pattern-background has-mask-background nonhundred-percent-fullwidth non-hundred-percent-height-scrolling\" style=\"--awb-border-radius-top-left:0px;--awb-border-radius-top-right:0px;--awb-border-radius-bottom-right:0px;--awb-border-radius-bottom-left:0px;--awb-flex-wrap:wrap;\" ><div class=\"fusion-builder-row fusion-row fusion-flex-align-items-flex-start fusion-flex-content-wrap\" style=\"max-width:1248px;margin-left: calc(-4% \/ 2 );margin-right: calc(-4% \/ 2 );\"><div class=\"fusion-layout-column fusion_builder_column fusion-builder-column-0 fusion_builder_column_1_1 1_1 fusion-flex-column\" style=\"--awb-bg-size:cover;--awb-width-large:100%;--awb-margin-top-large:0px;--awb-spacing-right-large:1.92%;--awb-margin-bottom-large:20px;--awb-spacing-left-large:1.92%;--awb-width-medium:100%;--awb-order-medium:0;--awb-spacing-right-medium:1.92%;--awb-spacing-left-medium:1.92%;--awb-width-small:100%;--awb-order-small:0;--awb-spacing-right-small:1.92%;--awb-spacing-left-small:1.92%;\"><div class=\"fusion-column-wrapper fusion-column-has-shadow fusion-flex-justify-content-flex-start fusion-content-layout-column\"><div class=\"fusion-title title fusion-title-1 fusion-sep-none fusion-title-text fusion-title-size-one\"><h1 class=\"fusion-title-heading title-heading-left fusion-responsive-typography-calculated\" style=\"margin:0;--fontSize:36;line-height:1.4;\">Codi Deontol\u00f2gic de TRI\u00ae<\/h1><\/div><div class=\"fusion-text fusion-text-1\" style=\"--awb-font-size:1.3rem;\"><p>Tots els Terapeutes Certificats a TRI\u00ae s&#039;adhereixen al Codi Deontol\u00f2gic signant un document quan finalitzen la Formaci\u00f3 Essencial, que \u00e9s un dels requisits per rebre l&#039;acreditaci\u00f3.<\/p>\n<p>Aquest Codi Deontol\u00f2gic \u00e9s fonamental per garantir l&#039;\u00e8tica i el professionalisme de tots els terapeutes de TRI\u00ae. En signar el document, els terapeutes es comprometen a respectar els principis i valors fonamentals de la professi\u00f3, aix\u00ed com a seguir les millors pr\u00e0ctiques en el treball diari.<\/p>\n<p>Entre els principis clau que s&#039;estableixen al Codi Deontol\u00f2gic hi ha el respecte per la dignitat i autonomia dels clients, la confidencialitat de la informaci\u00f3 compartida durant les sessions i la responsabilitat en la presa de decisions terap\u00e8utiques.<\/p>\n<p>A trav\u00e9s de l&#039;adhesi\u00f3 a aquest Codi Deontol\u00f2gic, els Terapeutes Certificats a TRI\u00ae es comprometen a actuar de manera professional i \u00e8tica en tot moment, promovent el benestar i el creixement dels seus clients.<\/p>\n<p>En resum, l&#039;adhesi\u00f3 al Codi Deontol\u00f2gic \u00e9s un requisit essencial per a tots els terapeutes certificats a TRI\u00ae. Aquest codi garanteix la integritat i el professionalisme dels terapeutes, aix\u00ed com la protecci\u00f3 i cura dels clients que busquen la seva ajuda i suport en el seu proc\u00e9s de sanaci\u00f3 i creixement personal.<\/p>\n<\/div><style type='text\/css'>.reading-box-container-1 .element-bottomshadow:before,.reading-box-container-1 .element-bottomshadow:after{opacity:0.7;}<\/style><div class=\"fusion-reading-box-container reading-box-container-1\" style=\"--awb-title-color:#333333;--awb-description-font-size:1.3rem;--awb-content-font-size:1.2rem;--awb-margin-top:30px;--awb-margin-bottom:30px;\"><div class=\"reading-box\" style=\"background-color:#f6f6f6;border-width:1px;border-color:#f6f6f6;border-left-width:3px;border-left-color:var(--primary_color);border-style:solid;\"><h2>Mostra del document del Codi Deontol\u00f2gic<\/h2><div class=\"reading-box-description fusion-reading-box-additional\">Tots els Terapeutes el signen amb el seu nom i identificaci\u00f3 personal<\/div><div class=\"reading-box-additional\">\n<ol>\n<li>No far\u00e9 un proc\u00e9s de TRI\u00ae que impliqui discriminaci\u00f3 o maltractament de persones, ni activitats delictives<\/li>\n<li>Aquest codi deontol\u00f2gic est\u00e0 supeditat a les lleis del pa\u00eds on s&#039;exerceixi la TRI\u00ae<\/li>\n<li>No interferir\u00e9 en el tractament psicol\u00f2gic del client<\/li>\n<li>Signar\u00e9 un contracte de confidencialitat amb cada client<\/li>\n<li>Tractar\u00e9 les dades del client confidencialment d&#039;acord amb les exig\u00e8ncies legals del pa\u00eds on s&#039;exerceix la TRI\u00ae<\/li>\n<li>Abans d&#039;iniciar un proc\u00e9s de TRI\u00ae m&#039;assegurar\u00e9 que el client compr\u00e8n qu\u00e8 pot esperar de les sessions i quines s\u00f3n les seves responsabilitats i les meves<\/li>\n<li>Abans d&#039;iniciar un proc\u00e9s, dissenyar\u00e9 un contracte de TRI\u00ae per acordar amb el client totes les condicions del servei<\/li>\n<\/ol>\n<ol start=\"8\">\n<li>Donar\u00e9 tota la informaci\u00f3 necess\u00e0ria perqu\u00e8 el client avalu\u00ef el nivell de comprom\u00eds abans d&#039;iniciar el proc\u00e9s. Ja que un proc\u00e9s de TRI\u00ae implica disciplina i entrenament, mitjan\u00e7ant accions i tasques<\/li>\n<li>Si per qualsevol causa detecte que no podr\u00e9 aportar valor al proc\u00e9s de TRI\u00ae ho suspendr\u00e9 o no ho iniciar\u00e9<\/li>\n<li>No permetr\u00e9 que cap q\u00fcesti\u00f3 personal pugui interferir en el proc\u00e9s, derivant el client a un altre Terapeuta TRI\u00ae, si fos necessari<\/li>\n<li>Tractar\u00e9 el client com un igual, respectant les seves creences, els seus valors, sense jutjar-lo i confiant en els seus recursos interns<\/li>\n<li>Recomanar\u00e9 els exercicis i tasques necess\u00e0ries per aconseguir l&#039;objectiu d&#039;acord amb el seu moment present a cada sessi\u00f3<\/li>\n<li>El client pot finalitzar el proc\u00e9s en qualsevol moment, seguint les pautes acordades al contracte<\/li>\n<\/ol>\n<\/div><div class=\"fusion-clearfix\"><\/div><\/div><\/div><\/div><\/div><\/div><\/div>","protected":false},"excerpt":{"rendered":"","protected":false},"author":1,"featured_media":0,"parent":0,"menu_order":0,"comment_status":"closed","ping_status":"closed","template":"","meta":{"footnotes":""},"class_list":["post-20704","page","type-page","status-publish","hentry"],"_links":{"self":[{"href":"https:\/\/asociacioninternacionaltri.org\/ca\/wp-json\/wp\/v2\/pages\/20704","targetHints":{"allow":["GET"]}}],"collection":[{"href":"https:\/\/asociacioninternacionaltri.org\/ca\/wp-json\/wp\/v2\/pages"}],"about":[{"href":"https:\/\/asociacioninternacionaltri.org\/ca\/wp-json\/wp\/v2\/types\/page"}],"author":[{"embeddable":true,"href":"https:\/\/asociacioninternacionaltri.org\/ca\/wp-json\/wp\/v2\/users\/1"}],"replies":[{"embeddable":true,"href":"https:\/\/asociacioninternacionaltri.org\/ca\/wp-json\/wp\/v2\/comments?post=20704"}],"version-history":[{"count":12,"href":"https:\/\/asociacioninternacionaltri.org\/ca\/wp-json\/wp\/v2\/pages\/20704\/revisions"}],"predecessor-version":[{"id":21460,"href":"https:\/\/asociacioninternacionaltri.org\/ca\/wp-json\/wp\/v2\/pages\/20704\/revisions\/21460"}],"wp:attachment":[{"href":"https:\/\/asociacioninternacionaltri.org\/ca\/wp-json\/wp\/v2\/media?parent=20704"}],"curies":[{"name":"wp","href":"https:\/\/api.w.org\/{rel}","templated":true}]}}