{"id":20751,"date":"2023-12-12T09:53:32","date_gmt":"2023-12-12T08:53:32","guid":{"rendered":"https:\/\/asociacioninternacionaltri.org\/?page_id=20751"},"modified":"2024-01-26T19:08:13","modified_gmt":"2024-01-26T18:08:13","slug":"contacte","status":"publish","type":"page","link":"https:\/\/asociacioninternacionaltri.org\/ca\/contacto\/","title":{"rendered":"Contacte"},"content":{"rendered":"<p><div class=\"fusion-fullwidth fullwidth-box fusion-builder-row-1 fusion-flex-container has-pattern-background has-mask-background hundred-percent-fullwidth non-hundred-percent-height-scrolling\" style=\"--awb-border-radius-top-left:0px;--awb-border-radius-top-right:0px;--awb-border-radius-bottom-right:0px;--awb-border-radius-bottom-left:0px;--awb-padding-right:0px;--awb-padding-bottom:0px;--awb-padding-left:0px;--awb-margin-bottom:0px;--awb-flex-wrap:wrap;\" ><div class=\"fusion-builder-row fusion-row fusion-flex-align-items-flex-start fusion-flex-content-wrap\" style=\"width:104% !important;max-width:104% !important;margin-left: calc(-4% \/ 2 );margin-right: calc(-4% \/ 2 );\"><div class=\"fusion-layout-column fusion_builder_column fusion-builder-column-0 fusion_builder_column_1_1 1_1 fusion-flex-column\" style=\"--awb-bg-size:cover;--awb-width-large:100%;--awb-margin-top-large:0px;--awb-spacing-right-large:0px;--awb-margin-bottom-large:0px;--awb-spacing-left-large:0px;--awb-width-medium:100%;--awb-order-medium:0;--awb-spacing-right-medium:1.92%;--awb-spacing-left-medium:1.92%;--awb-width-small:100%;--awb-order-small:0;--awb-spacing-right-small:1.92%;--awb-spacing-left-small:1.92%;\"><div class=\"fusion-column-wrapper fusion-column-has-shadow fusion-flex-justify-content-flex-start fusion-content-layout-column\">\t\t\t\t\t<div class=\"fusion-slider-container fusion-slider-sc-contacto fusion-slider-12 full-width-slider\" style=\"height:400px; max-width:100%;\" data-id=\"12\" data-full_height=\"\">\n\t\t\t\t\t\t<style type=\"text\/css\">.fusion-slider-12 .flex-direction-nav a {width:63px;height:63px;line-height:63px;font-size:25px;}<\/style>\t\t\t\t\t\t<div class=\"fusion-slider-loading\">Loading...<\/div>\n\t\t\t\t\t\t<div class=\"tfs-slider flexslider main-flex full-width-slider\" data-slider_width=\"100%\" data-slider_height=\"400px\" data-full_screen=\"0\" data-parallax=\"0\" data-nav_arrows=\"1\" data-nav_arrow_size=\"25px\" data-nav_box_width=\"63px\" data-nav_box_height=\"63px\" data-slideshow_speed=\"7000\" data-loop=\"0\" data-autoplay=\"1\" data-orderby=\"date\" data-order=\"DESC\" data-animation=\"fade\" data-animation_speed=\"600\" data-typo_sensitivity=\"1\" data-typo_factor=\"1.5\" style=\"max-width:100%;\">\n\t\t\t\t\t\t\t<ul class=\"slides\">\n\t\t\t\t\t\t\t\t\t\t\t\t\t\t\t\t\t<li data-mute=\"yes\" data-loop=\"yes\" data-autoplay=\"yes\">\n\t\t\t\t\t\t\t\t\t\t<div class=\"slide-content-container slide-content-center\" style=\"display: none;\">\n\t\t\t\t\t\t\t\t\t\t\t<div class=\"slide-content\" style=\"\">\n\t\t\t\t\t\t\t\t\t\t\t\t\t\t\t\t\t\t\t\t\t\t\t\t\t<div class=\"heading with-bg\">\n\t\t\t\t\t\t\t\t\t\t\t\t\t\t<div class=\"fusion-title-sc-wrapper\" style=\"background-color: rgba(0,0,0, 0.4);\">\n\t\t\t\t\t\t\t\t\t\t\t\t\t\t\t<div class=\"fusion-title title fusion-title-1 fusion-sep-none fusion-title-center fusion-title-text fusion-title-size-two\" style=\"--awb-margin-bottom:0px;--awb-font-size:60px;\"><h2 class=\"fusion-title-heading title-heading-center fusion-responsive-typography-calculated\" style=\"margin:0;font-size:1em;--fontSize:60;line-height:1.33;\">Moltes gr\u00e0cies per contactar-nos<\/h2><\/div>\t\t\t\t\t\t\t\t\t\t\t\t\t\t<\/div>\n\t\t\t\t\t\t\t\t\t\t\t\t\t<\/div>\n\t\t\t\t\t\t\t\t\t\t\t\t\t\t\t\t\t\t\t\t\t\t\t\t\t\t\t\t\t\t\t\t\t\t\t\t\t<div class=\"caption with-bg\">\n\t\t\t\t\t\t\t\t\t\t\t\t\t\t<div class=\"fusion-title-sc-wrapper\" style=\"background-color: rgba(0, 0, 0, 0.4);\">\n\t\t\t\t\t\t\t\t\t\t\t\t\t\t\t<div class=\"fusion-title title fusion-title-2 fusion-sep-none fusion-title-center fusion-title-text fusion-title-size-three\" style=\"--awb-margin-bottom:0px;--awb-font-size:24px;\"><h3 class=\"fusion-title-heading title-heading-center fusion-responsive-typography-calculated\" style=\"margin:0;font-size:1em;--fontSize:24;line-height:1.58;\">Podem aclarir qualsevol dubte o facilitar-te informaci\u00f3 addicional sobre T.R.I.\u00ae<\/h3><\/div>\t\t\t\t\t\t\t\t\t\t\t\t\t\t<\/div>\n\t\t\t\t\t\t\t\t\t\t\t\t\t<\/div>\n\t\t\t\t\t\t\t\t\t\t\t\t\t\t\t\t\t\t\t\t\t\t\t\t\t\t\t\t\t\t\t\t\t\t\t\t\t<div class=\"buttons\" >\n\t\t\t\t\t\t\t\t\t\t\t\t\t\t\t\t\t\t\t\t\t\t\t\t\t\t\t\t\t\t\t\t\t\t\t\t\t\t\t\t\t<\/div>\n\t\t\t\t\t\t\t\t\t\t\t\t\t\t\t\t\t\t\t\t\t\t\t<\/div>\n\t\t\t\t\t\t\t\t\t\t<\/div>\n\t\t\t\t\t\t\t\t\t\t\t\t\t\t\t\t\t\t\t\t\t\t\t\t\t\t\t\t\t\t\t\t\t\t\t\t\t\t\t\t<div class=\"background background-image\" style=\"background-image: url(https:\/\/asociacioninternacionaltri.org\/wp-content\/uploads\/2023\/12\/burst-kUqqaRjJuw0-unsplash-scaled.jpg);max-width:100%;height:400px;filter: progid:DXImageTransform.Microsoft.AlphaImageLoader(src='https:\/\/asociacioninternacionaltri.org\/wp-content\/uploads\/2023\/12\/burst-kUqqaRjJuw0-unsplash-scaled.jpg', sizingMethod='scale');\" data-imgwidth=\"2560\">\n\t\t\t\t\t\t\t\t\t\t\t\t\t\t\t\t\t\t\t\t\t\t\t\t\t\t\t\t\t\t\t\t\t\t\t\t\t\t\t\t\t\t\t\t\t\t\t\t\t\t\t\t\t\t\t\t\t\t\t\t\t\t\t\t\t\t<\/div>\n\t\t\t\t\t\t\t\t\t<\/li>\n\t\t\t\t\t\t\t\t\t\t\t\t\t\t\t\t\t\t\t\t\t\t\t<\/ul>\n\t\t\t\t\t\t<\/div>\n\t\t\t\t\t<\/div>\n\t\t\t\t\t\t\t\t<\/div><\/div><\/div><\/div><div class=\"fusion-fullwidth fullwidth-box fusion-builder-row-2 fusion-flex-container has-pattern-background has-mask-background nonhundred-percent-fullwidth non-hundred-percent-height-scrolling\" style=\"--awb-border-radius-top-left:0px;--awb-border-radius-top-right:0px;--awb-border-radius-bottom-right:0px;--awb-border-radius-bottom-left:0px;--awb-padding-top:20px;--awb-padding-bottom:20px;--awb-padding-right-small:0px;--awb-padding-left-small:0px;--awb-flex-wrap:wrap;\" ><div class=\"fusion-builder-row fusion-row fusion-flex-align-items-flex-start fusion-flex-content-wrap\" style=\"max-width:1248px;margin-left: calc(-4% \/ 2 );margin-right: calc(-4% \/ 2 );\"><div class=\"fusion-layout-column fusion_builder_column fusion-builder-column-1 fusion_builder_column_1_1 1_1 fusion-flex-column\" style=\"--awb-padding-right:142px;--awb-padding-left:141px;--awb-padding-right-small:16px;--awb-padding-left-small:16px;--awb-bg-size:cover;--awb-width-large:100%;--awb-margin-top-large:0px;--awb-spacing-right-large:0%;--awb-margin-bottom-large:0px;--awb-spacing-left-large:0%;--awb-width-medium:100%;--awb-order-medium:0;--awb-spacing-right-medium:1.92%;--awb-spacing-left-medium:1.92%;--awb-width-small:100%;--awb-order-small:0;--awb-spacing-right-small:1.92%;--awb-spacing-left-small:1.92%;\"><div class=\"fusion-column-wrapper fusion-column-has-shadow fusion-flex-justify-content-flex-start fusion-content-layout-column\"><div class=\"fusion-title title fusion-title-3 fusion-sep-none fusion-title-center fusion-title-text fusion-title-size-one\" style=\"--awb-text-color:var(--awb-custom_color_1);\"><h1 class=\"fusion-title-heading title-heading-center fusion-responsive-typography-calculated\" style=\"margin:0;--fontSize:36;line-height:1.4;\">CONTACTE<\/h1><\/div><div class=\"fusion-text fusion-text-1\" style=\"--awb-font-size:1.3rem;\"><p style=\"text-align: left;\">Si us interessa sol\u00b7licitar els serveis d&#039;un Terapeuta Certificat a TRI\u00ae, us recomanem que visiteu, en aquesta web, la nostra p\u00e0gina <a href=\"https:\/\/asociacioninternacionaltri.org\/ca\/cercar-terapeuta\/\" target=\"_blank\" rel=\"noopener\"><strong>BUSCAR TERAPEUTA<\/strong><\/a>\u00a0 on podr\u00e0s seleccionar la persona que et resulti m\u00e9s convenient i contactar-lo directament.<\/p>\n<p style=\"text-align: left;\">Tot i aix\u00f2, si tens qualsevol altra consulta o dubte, t&#039;animem a emplenar el nostre <strong>formulari de contacte<\/strong> que et facilitem a continuaci\u00f3.<\/p>\n<p style=\"text-align: left;\">El nostre equip s&#039;esfor\u00e7ar\u00e0 per respondre&#039;t com m\u00e9s aviat millor i resoldre les teves inquietuds.<\/p>\n<p style=\"text-align: left;\">Aix\u00ed mateix, volem recordar-te que tamb\u00e9 pots contactar-nos a trav\u00e9s de correu electr\u00f2nic a la seg\u00fcent adre\u00e7a:<\/p>\n<p style=\"text-align: left;\"><a href=\"mailto:info@asociacioninternacionaltri.org\">\u00a0info@asociacioninternacionaltri.org<\/a><\/p>\n<\/div><\/div><\/div><\/div><\/div><div class=\"fusion-fullwidth fullwidth-box fusion-builder-row-3 fusion-flex-container has-pattern-background has-mask-background nonhundred-percent-fullwidth non-hundred-percent-height-scrolling\" style=\"--awb-border-radius-top-left:0px;--awb-border-radius-top-right:0px;--awb-border-radius-bottom-right:0px;--awb-border-radius-bottom-left:0px;--awb-flex-wrap:wrap;\" ><div class=\"fusion-builder-row fusion-row fusion-flex-align-items-flex-start fusion-flex-content-wrap\" style=\"max-width:1248px;margin-left: calc(-4% \/ 2 );margin-right: calc(-4% \/ 2 );\"><div class=\"fusion-layout-column fusion_builder_column fusion-builder-column-2 fusion_builder_column_1_1 1_1 fusion-flex-column\" style=\"--awb-bg-size:cover;--awb-width-large:100%;--awb-margin-top-large:0px;--awb-spacing-right-large:1.92%;--awb-margin-bottom-large:20px;--awb-spacing-left-large:1.92%;--awb-width-medium:100%;--awb-order-medium:0;--awb-spacing-right-medium:1.92%;--awb-spacing-left-medium:1.92%;--awb-width-small:100%;--awb-order-small:0;--awb-spacing-right-small:1.92%;--awb-spacing-left-small:1.92%;\"><div class=\"fusion-column-wrapper fusion-column-has-shadow fusion-flex-justify-content-flex-start fusion-content-layout-column\"><\/div><\/div><\/div><\/div><div class=\"fusion-fullwidth fullwidth-box fusion-builder-row-4 fusion-flex-container has-pattern-background has-mask-background nonhundred-percent-fullwidth non-hundred-percent-height-scrolling\" style=\"--awb-border-radius-top-left:0px;--awb-border-radius-top-right:0px;--awb-border-radius-bottom-right:0px;--awb-border-radius-bottom-left:0px;--awb-flex-wrap:wrap;\" ><div class=\"fusion-builder-row fusion-row fusion-flex-align-items-flex-start fusion-flex-content-wrap\" style=\"max-width:1248px;margin-left: calc(-4% \/ 2 );margin-right: calc(-4% \/ 2 );\"><div class=\"fusion-layout-column fusion_builder_column fusion-builder-column-3 fusion_builder_column_1_1 1_1 fusion-flex-column\" style=\"--awb-bg-size:cover;--awb-width-large:100%;--awb-margin-top-large:0px;--awb-spacing-right-large:1.92%;--awb-margin-bottom-large:20px;--awb-spacing-left-large:1.92%;--awb-width-medium:100%;--awb-order-medium:0;--awb-spacing-right-medium:1.92%;--awb-spacing-left-medium:1.92%;--awb-width-small:100%;--awb-order-small:0;--awb-spacing-right-small:1.92%;--awb-spacing-left-small:1.92%;\"><div class=\"fusion-column-wrapper fusion-column-has-shadow fusion-flex-justify-content-flex-start fusion-content-layout-column\"><div class=\"fusion-form fusion-form-builder fusion-form-form-wrapper fusion-form-20858\" style=\"--awb-tooltip-text-color:var(--awb-color1);--awb-tooltip-background-color:var(--awb-color8);--awb-form-input-height:62px;--awb-form-bg-color:hsla(var(--awb-color1-h),var(--awb-color1-s),var(--awb-color1-l),calc(var(--awb-color1-a) - 100%));--awb-form-select-bg:var(--awb-color1);--awb-form-font-size:24px;--awb-form-placeholder-color:hsla(var(--awb-color8-h),var(--awb-color8-s),var(--awb-color8-l),calc(var(--awb-color8-a) - 80%));--awb-form-text-color:var(--awb-color8);--awb-form-label-color:var(--awb-color8);--awb-form-border-color:hsla(var(--awb-color8-h),var(--awb-color8-s),var(--awb-color8-l),calc(var(--awb-color8-a) - 70%));--awb-form-focus-border-color:var(--awb-color5);--awb-form-focus-border-hover-color:hsla(var(--awb-color5-h),var(--awb-color5-s),var(--awb-color5-l),calc(var(--awb-color5-a) - 50%));--awb-form-border-radius:0px;\" data-form-id=\"20858\" data-config=\"{&quot;form_id&quot;:&quot;20858&quot;,&quot;form_post_id&quot;:&quot;20858&quot;,&quot;post_id&quot;:20862,&quot;form_type&quot;:&quot;ajax&quot;,&quot;confirmation_type&quot;:&quot;message&quot;,&quot;redirect_url&quot;:&quot;&quot;,&quot;field_labels&quot;:{&quot;nombre&quot;:&quot;&quot;,&quot;apellidos&quot;:&quot;&quot;,&quot;telefono&quot;:&quot;&quot;,&quot;direccion_email&quot;:&quot;&quot;,&quot;asunto&quot;:&quot;&quot;,&quot;mensaje&quot;:&quot;&quot;,&quot;consentimiento&quot;:&quot;&quot;},&quot;field_logics&quot;:{&quot;nombre&quot;:&quot;&quot;,&quot;apellidos&quot;:&quot;&quot;,&quot;telefono&quot;:&quot;&quot;,&quot;direccion_email&quot;:&quot;&quot;,&quot;asunto&quot;:&quot;&quot;,&quot;mensaje&quot;:&quot;&quot;,&quot;consentimiento&quot;:&quot;&quot;,&quot;notice_1&quot;:&quot;&quot;},&quot;field_types&quot;:{&quot;nombre&quot;:&quot;text&quot;,&quot;apellidos&quot;:&quot;text&quot;,&quot;telefono&quot;:&quot;phone_number&quot;,&quot;direccion_email&quot;:&quot;email&quot;,&quot;asunto&quot;:&quot;text&quot;,&quot;mensaje&quot;:&quot;textarea&quot;,&quot;consentimiento&quot;:&quot;consent&quot;,&quot;notice_1&quot;:&quot;notice&quot;,&quot;submit_1&quot;:&quot;submit&quot;},&quot;nonce_method&quot;:&quot;ajax&quot;}\"><form action=\"https:\/\/asociacioninternacionaltri.org\/ca\/slide\/sobre-lassociacio-slide-1-2-3\/\" method=\"post\" class=\"fusion-form fusion-form-20858\" data-trp-original-action=\"https:\/\/asociacioninternacionaltri.org\/ca\/slide\/acerca-de-la-asociacion-slide-1-2-3\/\"><div class=\"fusion-fullwidth fullwidth-box fusion-builder-row-4-1 fusion-flex-container nonhundred-percent-fullwidth non-hundred-percent-height-scrolling\" style=\"--awb-border-sizes-top:0px;--awb-border-sizes-bottom:0px;--awb-border-sizes-left:0px;--awb-border-sizes-right:0px;--awb-border-radius-top-left:0px;--awb-border-radius-top-right:0px;--awb-border-radius-bottom-right:0px;--awb-border-radius-bottom-left:0px;--awb-margin-top:0px;--awb-margin-bottom:0px;--awb-flex-wrap:wrap;\" ><div class=\"fusion-builder-row fusion-row fusion-flex-align-items-flex-start fusion-flex-content-wrap\" style=\"width:103% !important;max-width:103% !important;margin-left: calc(-3% \/ 2 );margin-right: calc(-3% \/ 2 );\"><div class=\"fusion-layout-column fusion_builder_column fusion-builder-column-4 fusion_builder_column_1_1 1_1 fusion-flex-column\" style=\"--awb-bg-size:cover;--awb-width-large:100%;--awb-margin-top-large:0px;--awb-spacing-right-large:1.455%;--awb-margin-bottom-large:0px;--awb-spacing-left-large:1.455%;--awb-width-medium:100%;--awb-order-medium:0;--awb-spacing-right-medium:1.455%;--awb-spacing-left-medium:1.455%;--awb-width-small:100%;--awb-order-small:0;--awb-spacing-right-small:1.455%;--awb-spacing-left-small:1.455%;\"><div class=\"fusion-column-wrapper fusion-column-has-shadow fusion-flex-justify-content-flex-start fusion-content-layout-column\"><div class=\"fusion-text fusion-text-2 fusion-text-no-margin\" style=\"--awb-font-size:20px;--awb-line-height:30px;--awb-letter-spacing:-0.006em;--awb-text-transform:var(--awb-typography1-text-transform);--awb-text-color:#8e8e95;--awb-margin-top:12px;--awb-margin-bottom:0px;--awb-text-font-family:&quot;Inter&quot;;--awb-text-font-style:normal;--awb-text-font-weight:600;\"><p>Nom<\/p>\n<\/div><div class=\"fusion-form-field fusion-form-text-field fusion-form-label-above\" style=\"\" data-form-id=\"20858\"><input type=\"text\" name=\"nombre\" id=\"nombre\" value=\"\"  class=\"fusion-form-input\" placeholder=\"Indiqueu el vostre nom\" data-holds-private-data=\"false\" minlength=\"0\"\/><\/div><div class=\"fusion-text fusion-text-3 fusion-text-no-margin\" style=\"--awb-font-size:20px;--awb-line-height:30px;--awb-letter-spacing:-0.006em;--awb-text-transform:var(--awb-typography1-text-transform);--awb-text-color:#8e8e95;--awb-margin-top:12px;--awb-margin-bottom:0px;--awb-text-font-family:&quot;Inter&quot;;--awb-text-font-style:normal;--awb-text-font-weight:600;\"><p>Cognoms<\/p>\n<\/div><div class=\"fusion-form-field fusion-form-text-field fusion-form-label-above\" style=\"\" data-form-id=\"20858\"><input type=\"text\" name=\"apellidos\" id=\"apellidos\" value=\"\"  class=\"fusion-form-input\" placeholder=\"Indiqueu els vostres cognoms\" data-holds-private-data=\"false\" minlength=\"0\"\/><\/div><div class=\"fusion-text fusion-text-4 fusion-text-no-margin\" style=\"--awb-font-size:20px;--awb-line-height:30px;--awb-letter-spacing:-0.006em;--awb-text-transform:var(--awb-typography1-text-transform);--awb-text-color:#8e8e95;--awb-margin-top:12px;--awb-margin-bottom:0px;--awb-text-font-family:&quot;Inter&quot;;--awb-text-font-style:normal;--awb-text-font-weight:600;\"><p>Tel\u00e8fon *<\/p>\n<\/div><div class=\"fusion-form-field fusion-form-phone-number-field fusion-form-label-above\" style=\"\" data-form-id=\"20858\"><input type=\"tel\" name=\"telefono\" id=\"telefono\" value=\"\"  class=\"fusion-form-input\" required=\"true\" aria-required=\"true\" placeholder=\"Indiqueu el vostre n\u00famero de tel\u00e8fon*\" data-holds-private-data=\"false\"\/><\/div><div class=\"fusion-text fusion-text-5 fusion-text-no-margin\" style=\"--awb-font-size:20px;--awb-line-height:30px;--awb-letter-spacing:-0.006em;--awb-text-transform:var(--awb-typography1-text-transform);--awb-text-color:#8e8e95;--awb-margin-top:12px;--awb-margin-bottom:0px;--awb-text-font-family:&quot;Inter&quot;;--awb-text-font-style:normal;--awb-text-font-weight:600;\"><p>Correu electr\u00f2nic *<\/p>\n<\/div><div class=\"fusion-form-field fusion-form-email-field fusion-form-label-above\" style=\"\" data-form-id=\"20858\"><input type=\"email\" name=\"direccion_email\" id=\"direccion_email\" value=\"\"  class=\"fusion-form-input\" required=\"true\" aria-required=\"true\" placeholder=\"Indiqueu la vostra millor adre\u00e7a de correu electr\u00f2nic*\" data-holds-private-data=\"false\"\/><\/div><div class=\"fusion-text fusion-text-6 fusion-text-no-margin\" style=\"--awb-font-size:20px;--awb-line-height:30px;--awb-letter-spacing:-0.006em;--awb-text-transform:var(--awb-typography1-text-transform);--awb-text-color:#8e8e95;--awb-margin-top:12px;--awb-margin-bottom:0px;--awb-text-font-family:&quot;Inter&quot;;--awb-text-font-style:normal;--awb-text-font-weight:600;\"><p>Assumpte *<\/p>\n<\/div><div class=\"fusion-form-field fusion-form-text-field fusion-form-label-above\" style=\"\" data-form-id=\"20858\"><input type=\"text\"  data-empty-notice=\"Debe indicar un asunto\" name=\"asunto\" id=\"asunto\" value=\"\"  class=\"fusion-form-input\" required=\"true\" aria-required=\"true\" placeholder=\"Breu descripci\u00f3 del motiu de contacte*\" data-holds-private-data=\"false\" minlength=\"0\"\/><\/div><div class=\"fusion-text fusion-text-7 fusion-text-no-margin\" style=\"--awb-font-size:20px;--awb-line-height:30px;--awb-letter-spacing:-0.006em;--awb-text-transform:var(--awb-typography1-text-transform);--awb-text-color:#8e8e95;--awb-margin-top:12px;--awb-margin-bottom:0px;--awb-text-font-family:&quot;Inter&quot;;--awb-text-font-style:normal;--awb-text-font-weight:600;\"><p>Descripci\u00f3 detallada<\/p>\n<\/div><div class=\"fusion-form-field fusion-form-textarea-field fusion-form-label-above\" style=\"\" data-form-id=\"20858\"><textarea cols=\"40\"  minlength=\"0\"  rows=\"4\" tabindex=\"\" id=\"mensaje\" name=\"mensaje\" class=\"fusion-form-input\" placeholder=\"Detalleu el motiu de la consulta\" data-holds-private-data=\"false\"><\/textarea><\/div><div class=\"fusion-form-field fusion-form-consent-field fusion-form-label-above\" style=\"\" data-form-id=\"20858\"><div class=\"fusion-form-checkbox option-inline\"><input tabindex=\"\" id=\"consentimiento\" type=\"checkbox\" value=\"1\" name=\"consentimiento\" class=\"fusion-form-input\" required=\"true\" aria-required=\"true\"\/><label for=\"consentimiento\">Accepto la Pol\u00edtica de Privadesa<\/label><\/div><\/div><div class=\"fusion-text fusion-text-8 fusion-text-no-margin\" style=\"--awb-font-size:12px;--awb-text-transform:var(--awb-typography1-text-transform);--awb-text-color:#8e8e95;--awb-margin-top:12px;--awb-margin-bottom:0px;--awb-text-font-family:&quot;Inter&quot;;--awb-text-font-style:normal;--awb-text-font-weight:600;\"><p>Ha d&#039;acceptar la <a href=\"#\">Pol\u00edtica de Privadesa<\/a> per poder enviar el formulari<\/p>\n<\/div><div class=\"form-submission-notices data-notice_1\" id=\"fusion-notices-1\"><div class=\"fusion-alert alert success alert-success fusion-alert-center fusion-form-response fusion-form-response-success fusion-alert-capitalize awb-alert-native-link-color alert-dismissable awb-alert-close-boxed\" role=\"alert\"><div class=\"fusion-alert-content-wrapper\"><span class=\"alert-icon\"><i class=\"awb-icon-check-circle\" aria-hidden=\"true\"><\/i><\/span><span class=\"fusion-alert-content\">El formulari ha estat enviat correctament. Gr\u00e0cies per posar-vos en contacte amb nosaltres.<\/span><\/div><button type=\"button\" class=\"close toggle-alert\" data-dismiss=\"alert\" aria-label=\"Close\">\u00d7<\/button><\/div><div class=\"fusion-alert alert error alert-danger fusion-alert-center fusion-form-response fusion-form-response-error fusion-alert-capitalize awb-alert-native-link-color alert-dismissable awb-alert-close-boxed\" role=\"alert\"><div class=\"fusion-alert-content-wrapper\"><span class=\"alert-icon\"><i class=\"awb-icon-exclamation-triangle\" aria-hidden=\"true\"><\/i><\/span><span class=\"fusion-alert-content\">Hi ha hagut un error en enviar el missatge. Si us plau torneu-ho a enviar transcorreguts uns minuts.<\/span><\/div><button type=\"button\" class=\"close toggle-alert\" data-dismiss=\"alert\" aria-label=\"Close\">\u00d7<\/button><\/div><\/div><div class=\"fusion-form-field fusion-form-submit-field fusion-form-label-above\" style=\"\" data-form-id=\"20858\"><div ><button type=\"submit\" class=\"fusion-button button-flat fusion-button-default-size button-custom fusion-button-default button-1 fusion-button-default-span  form-form-submit button-default\" style=\"--button_accent_color:#ffffff;--button_accent_hover_color:#ffffff;--button_border_hover_color:#ffffff;--button_border_width-top:0px;--button_border_width-right:0px;--button_border_width-bottom:0px;--button_border_width-left:0px;--button-border-radius-top-left:15px;--button-border-radius-top-right:15px;--button-border-radius-bottom-right:15px;--button-border-radius-bottom-left:15px;--button_gradient_top_color:#70589d;--button_gradient_bottom_color:#70589d;--button_gradient_top_color_hover:rgba(0,12,15,0.9);--button_gradient_bottom_color_hover:rgba(0,12,15,0.9);--button_text_transform:var(--awb-typography3-text-transform);--button_font_size:18px;--button_line_height:24px;--button_padding-top:20px;--button_padding-right:32px;--button_padding-bottom:20px;--button_padding-left:32px;--button_typography-letter-spacing:0px;--button_typography-font-family:&quot;Inter&quot;;--button_typography-font-style:normal;--button_typography-font-weight:600;--button_margin-top:10px;\" data-form-number=\"20858\" tabindex=\"\"><span class=\"fusion-button-text\">Enviar formulari<\/span><\/button><\/div><\/div><div class=\"fusion-text fusion-text-9 fusion-text-no-margin\" style=\"--awb-font-size:12px;--awb-text-transform:var(--awb-typography1-text-transform);--awb-text-color:#8e8e95;--awb-margin-top:12px;--awb-margin-bottom:0px;--awb-text-font-family:&quot;Inter&quot;;--awb-text-font-style:normal;--awb-text-font-weight:600;\"><p>Els camps marcats amb * s\u00f3n obligatoris<\/p>\n<\/div>\n<\/div><\/div><\/div><\/div><input type=\"hidden\" name=\"trp-form-language\" value=\"ca\"\/><\/form><\/div><\/div><\/div><\/div><\/div><\/p>","protected":false},"excerpt":{"rendered":"","protected":false},"author":1,"featured_media":0,"parent":0,"menu_order":0,"comment_status":"closed","ping_status":"closed","template":"100-width.php","meta":{"footnotes":""},"class_list":["post-20751","page","type-page","status-publish","hentry"],"_links":{"self":[{"href":"https:\/\/asociacioninternacionaltri.org\/ca\/wp-json\/wp\/v2\/pages\/20751","targetHints":{"allow":["GET"]}}],"collection":[{"href":"https:\/\/asociacioninternacionaltri.org\/ca\/wp-json\/wp\/v2\/pages"}],"about":[{"href":"https:\/\/asociacioninternacionaltri.org\/ca\/wp-json\/wp\/v2\/types\/page"}],"author":[{"embeddable":true,"href":"https:\/\/asociacioninternacionaltri.org\/ca\/wp-json\/wp\/v2\/users\/1"}],"replies":[{"embeddable":true,"href":"https:\/\/asociacioninternacionaltri.org\/ca\/wp-json\/wp\/v2\/comments?post=20751"}],"version-history":[{"count":22,"href":"https:\/\/asociacioninternacionaltri.org\/ca\/wp-json\/wp\/v2\/pages\/20751\/revisions"}],"predecessor-version":[{"id":21558,"href":"https:\/\/asociacioninternacionaltri.org\/ca\/wp-json\/wp\/v2\/pages\/20751\/revisions\/21558"}],"wp:attachment":[{"href":"https:\/\/asociacioninternacionaltri.org\/ca\/wp-json\/wp\/v2\/media?parent=20751"}],"curies":[{"name":"wp","href":"https:\/\/api.w.org\/{rel}","templated":true}]}}