{"id":20879,"date":"2023-12-13T11:26:17","date_gmt":"2023-12-13T10:26:17","guid":{"rendered":"https:\/\/asociacioninternacionaltri.org\/politica-de-cookies\/"},"modified":"2024-02-07T19:18:23","modified_gmt":"2024-02-07T18:18:23","slug":"politica-de-cookies","status":"publish","type":"page","link":"https:\/\/asociacioninternacionaltri.org\/ca\/politica-de-cookies\/","title":{"rendered":"Pol\u00edtica de Cookies"},"content":{"rendered":"<div class=\"fusion-fullwidth fullwidth-box fusion-builder-row-1 fusion-flex-container nonhundred-percent-fullwidth non-hundred-percent-height-scrolling\" style=\"--awb-border-radius-top-left:0px;--awb-border-radius-top-right:0px;--awb-border-radius-bottom-right:0px;--awb-border-radius-bottom-left:0px;--awb-flex-wrap:wrap;\" ><div class=\"fusion-builder-row fusion-row fusion-flex-align-items-flex-start fusion-flex-content-wrap\" style=\"max-width:1248px;margin-left: calc(-4% \/ 2 );margin-right: calc(-4% \/ 2 );\"><div class=\"fusion-layout-column fusion_builder_column fusion-builder-column-0 fusion_builder_column_1_1 1_1 fusion-flex-column\" style=\"--awb-bg-size:cover;--awb-width-large:100%;--awb-margin-top-large:0px;--awb-spacing-right-large:1.92%;--awb-margin-bottom-large:0px;--awb-spacing-left-large:1.92%;--awb-width-medium:100%;--awb-spacing-right-medium:1.92%;--awb-spacing-left-medium:1.92%;--awb-width-small:100%;--awb-spacing-right-small:1.92%;--awb-spacing-left-small:1.92%;\"><div class=\"fusion-column-wrapper fusion-flex-justify-content-flex-start fusion-content-layout-column\"><div class=\"fusion-title title fusion-title-1 fusion-sep-none fusion-title-center fusion-title-text fusion-title-size-two\"><h2 class=\"fusion-title-heading title-heading-center fusion-responsive-typography-calculated\" style=\"margin:0;--fontSize:24;line-height:1.5;\">Pol\u00edtica de Cookies<\/h2><\/div><div class=\"fusion-separator\" style=\"align-self: center;margin-left: auto;margin-right: auto;margin-top:0px;margin-bottom:40px;width:100%;max-width:40%;\"><div class=\"fusion-separator-border sep-single sep-solid\" style=\"--awb-height:20px;--awb-amount:20px;--awb-sep-color:var(--awb-custom_color_1);border-color:var(--awb-custom_color_1);border-top-width:2px;\"><\/div><\/div><div class=\"fusion-text fusion-text-1\"><h2 class=\"fusion-responsive-typography-calculated\" data-fontsize=\"24\" data-lineheight=\"36px\">Qu\u00e8 s\u00f3n les galetes?<\/h2>\n<p>En angl\u00e8s, el terme galeta significa galeta, per\u00f2 en l&#039;\u00e0mbit de la navegaci\u00f3 web, una galeta \u00e9s una cosa completament diferent. Quan accediu al nostre Lloc Web, al navegador del dispositiu s&#039;emmagatzema una petita quantitat de text que s&#039;anomena \u00abcookie\u00bb. Aquest text cont\u00e9 informaci\u00f3 variada sobre la vostra navegaci\u00f3, h\u00e0bits, prefer\u00e8ncies, personalitzacions de continguts, etc\u2026<\/p>\n<p>Hi ha altres tecnologies que funcionen de manera similar i que tamb\u00e9 es fan servir per recopilar dades sobre la teva activitat de navegaci\u00f3. Anomenarem galetes a totes aquestes tecnologies en el seu conjunt.<\/p>\n<p>Els usos concrets que fem d&#039;aquestes tecnologies es descriuen al present document.<\/p>\n<h2 class=\"fusion-responsive-typography-calculated\" data-fontsize=\"24\" data-lineheight=\"36px\">Per qu\u00e8 s&#039;utilitzen les galetes en aquesta web?<\/h2>\n<p>Les galetes s\u00f3n una part essencial de com funciona el Lloc Web. L&#039;objectiu principal de les nostres galetes \u00e9s millorar la seva experi\u00e8ncia en la navegaci\u00f3. Per exemple, per recordar les vostres prefer\u00e8ncies (idioma, pa\u00eds, etc.) durant la navegaci\u00f3 i en futures visites. La informaci\u00f3 recollida a les cookies ens permet a m\u00e9s millorar la web, adaptar-la als seus interessos com a usuari, facilitar les cerques que realitzi, etc.<\/p>\n<p>En determinats casos, si hem obtingut el vostre consentiment previ informat, podrem utilitzar cookies per a altres usos, com per exemple per obtenir informaci\u00f3 que ens permeti mostrar publicitat basada en l&#039;an\u00e0lisi dels seus h\u00e0bits de navegaci\u00f3.<\/p>\n<h2 class=\"fusion-responsive-typography-calculated\" data-fontsize=\"24\" data-lineheight=\"36px\">Per qu\u00e8 NO s&#039;utilitzen les galetes en aquesta web?<\/h2>\n<p>A les cookies que utilitzem no s&#039;emmagatzema informaci\u00f3 sensible d&#039;identificaci\u00f3 personal com el nom, l&#039;adre\u00e7a, la contrasenya, etc\u2026<\/p>\n<h2 class=\"fusion-responsive-typography-calculated\" data-fontsize=\"24\" data-lineheight=\"36px\">Qui utilitza la informaci\u00f3 emmagatzemada a les galetes?<\/h2>\n<p>La informaci\u00f3 emmagatzemada a les cookies del nostre Lloc Web \u00e9s utilitzada exclusivament per nosaltres, a excepci\u00f3 d&#039;aquelles identificades m\u00e9s endavant com a galeta de tercers, que s\u00f3n utilitzades i gestionades per entitats externes que ens brinden serveis que milloren l&#039;experi\u00e8ncia de l&#039;usuari. Per exemple les estad\u00edstiques que es recullen sobre el nombre de visites, el contingut que m\u00e9s agrada, etc\u2026<\/p>\n<h2 class=\"fusion-responsive-typography-calculated\" data-fontsize=\"24\" data-lineheight=\"36px\">Com es pot evitar l&#039;\u00fas de galetes en aquest Lloc Web?<\/h2>\n<p>Si preferiu evitar l&#039;\u00fas de les galetes, podeu REBUIXAR-ne l&#039;\u00fas o podeu CONFIGURA&#039;N les que voleu evitar i les que permeteu utilitzar (en aquest document us donem informaci\u00f3 ampliada al respecte de cada tipus de galeta, la finalitat, destinatari, temporalitat, etc.). .. ).<\/p>\n<p>Si les heu acceptat, no tornarem a preguntar-vos a menys que esborreu les galetes al dispositiu segons s&#039;indica a l&#039;apartat seg\u00fcent. Si voleu revocar el consentiment haur\u00e0 d&#039;eliminar les cookies i tornar a configurar-les.<\/p>\n<h2 class=\"fusion-responsive-typography-calculated\" data-fontsize=\"24\" data-lineheight=\"36px\">Com deshabilitar i eliminar la utilitzaci\u00f3 de cookies?<\/h2>\n<p>El Titular mostra informaci\u00f3 sobre la seva Pol\u00edtica de cookies al b\u00e0ner de cookies accessible a totes les p\u00e0gines del Lloc Web. El banner de cookies mostra informaci\u00f3 essencial sobre el tractament de dades i permet a l&#039;Usuari realitzar les accions seg\u00fcents:<\/p>\n<ul>\n<li>ACCEPTAR o REBUTJAR la instal\u00b7laci\u00f3 de cookies, o retirar el consentiment pr\u00e8viament atorgat.<\/li>\n<li>Canviar les prefer\u00e8ncies de cookies des de la p\u00e0gina Personalitzar Cookies, a la qual podeu accedir des de l&#039;Av\u00eds de Cookies o des de la p\u00e0gina de\u00a0<a href=\"https:\/\/asociacioninternacionaltri.org\/ca\/personalitzar-cookies\/\">Personalitzar Cookies<\/a>.<\/li>\n<\/ul>\n<p>Per restringir, bloquejar o esborrar les galetes d&#039;aquest Lloc Web (i les utilitzades per tercers) ho podeu fer, en qualsevol moment, modificant la configuraci\u00f3 del vostre navegador. Tingueu en compte que aquesta configuraci\u00f3 \u00e9s diferent a cada navegador.<\/p>\n<p>Als seg\u00fcents enlla\u00e7os trobareu instruccions per habilitar o deshabilitar les cookies en els navegadors m\u00e9s comuns.<\/p>\n<ul>\n<li><a href=\"http:\/\/support.mozilla.org\/es\/kb\/habilitar-y-deshabilitar-cookies-que-los-sitios-we\" target=\"_blank\" rel=\"nofollow noopener\">Firefox<\/a><\/li>\n<li><a href=\"https:\/\/support.google.com\/chrome\/answer\/95647?hl=es\" target=\"_blank\" rel=\"noopener noreferrer nofollow\">Google Chrome<\/a><\/li>\n<li><a href=\"https:\/\/support.microsoft.com\/es-es\/help\/17442\/windows-internet-explorer-delete-manage-cookies#ie=%22ie-10\" target=\"_blank\" rel=\"noopener noreferrer nofollow\">Internet Explorer<\/a><\/li>\n<li><a href=\"https:\/\/support.microsoft.com\/es-es\/help\/4468242\/microsoft-edge-browsing-data-and-privacy\" target=\"_blank\" rel=\"noopener noreferrer nofollow\">Microsoft Edge<\/a><\/li>\n<li><a href=\"http:\/\/support.apple.com\/kb\/HT1677?viewlocale=es_ES\" target=\"_blank\" rel=\"nofollow noopener\">Safari<\/a><\/li>\n<\/ul>\n<h2 class=\"fusion-responsive-typography-calculated\" data-fontsize=\"24\" data-lineheight=\"36px\">Quins tipus de galetes s&#039;utilitzen en aquesta p\u00e0gina web?<\/h2>\n<p>Cada p\u00e0gina web utilitza cookies pr\u00f2pies. A la nostra web utilitzem les que s&#039;indiquen a continuaci\u00f3:<\/p>\n<p><b>SEGONS L&#039;ENTITAT QUE HO GESTIONA<\/b><\/p>\n<p><b>Cookies pr\u00f2pies:<\/b><\/p>\n<p>S\u00f3n les que s&#039;envien a l&#039;equip terminal de l&#039;usuari des d&#039;un equip o domini gestionat pel mateix editor i des del qual es presta el servei sol\u00b7licitat per l&#039;usuari.<\/p>\n<p><b>Cookies de tercers:<\/b><\/p>\n<p>S\u00f3n aquelles que s&#039;envien a l&#039;equip terminal de l&#039;Usuari des d&#039;un equip o domini que no \u00e9s gestionat per l&#039;editor, sin\u00f3 per una altra entitat que tracta les dades obtingudes a trav\u00e9s de les galetes.<\/p>\n<p>En el cas que les cookies siguin servides des d&#039;un equip o domini gestionat pel mateix editor, per\u00f2 la informaci\u00f3 que es reculli mitjan\u00e7ant aquestes sigui gestionada per un tercer, no poden ser considerades com a cookies pr\u00f2pies si el tercer les utilitza per a les seves pr\u00f2pies finalitats . (per exemple, la millora dels serveis que presta o la prestaci\u00f3 de serveis de car\u00e0cter publicitari a favor daltres entitats).<\/p>\n<p><b>SEGONS LA SEVA FINALITAT<\/b><\/p>\n<p><b>Galetes t\u00e8cniques:<\/b><\/p>\n<p>S\u00f3n aquelles necess\u00e0ries per a la navegaci\u00f3 i el bon funcionament del nostre Lloc Web, com ara controlar el tr\u00e0nsit i la comunicaci\u00f3 de dades, identificar la sessi\u00f3, accedir a parts d&#039;acc\u00e9s restringit, realitzar la sol\u00b7licitud d&#039;inscripci\u00f3 o participaci\u00f3 en un esdeveniment, compten visites a efectes de la facturaci\u00f3 de llic\u00e8ncies del programari amb qu\u00e8 funciona el servei del Lloc Web, utilitzar elements de seguretat durant la navegaci\u00f3, emmagatzemar continguts per a la difusi\u00f3 de v\u00eddeos o so, habilitar continguts din\u00e0mics (per exemple, animaci\u00f3 de c\u00e0rrega de un text o imatge ).<\/p>\n<p><b>Galetes d&#039;an\u00e0lisi:<\/b><\/p>\n<p>Permeten quantificar el nombre d&#039;usuaris i aix\u00ed realitzar el mesurament i l&#039;an\u00e0lisi estad\u00edstica de la utilitzaci\u00f3 que fan els usuaris del Lloc Web.<\/p>\n<p><b>Cookies de configuraci\u00f3 o personalitzaci\u00f3:<\/b><\/p>\n<p>S\u00f3n aquelles que permeten recordar informaci\u00f3 perqu\u00e8 l&#039;Usuari accedeixi al servei amb determinades caracter\u00edstiques que poden diferenciar la seva experi\u00e8ncia de la d&#039;altres usuaris, com ara l&#039;idioma, el nombre de resultats a mostrar quan l&#039;Usuari fa una cerca, l&#039;aspecte o contingut del servei en funci\u00f3 del tipus de navegador a trav\u00e9s del qual l&#039;usuari accedeix al servei o de la regi\u00f3 des de la qual accedeix al servei, etc.<\/p>\n<p><b>SEGONS EL TERMINI DE TEMPS QUE ROMANDEN ACTIVADES<\/b><\/p>\n<p><b>Cookies de sessi\u00f3:<\/b><\/p>\n<p>S\u00f3n aquelles dissenyades per demanar i emmagatzemar dades mentre l&#039;Usuari accedeix a una p\u00e0gina web.<\/p>\n<p>Se solen fer servir per emmagatzemar informaci\u00f3 que nom\u00e9s interessa conservar per a la prestaci\u00f3 del servei sol\u00b7licitat per l&#039;Usuari en una sola ocasi\u00f3 (per exemple, una llista de productes adquirits) i desapareixen en finalitzar la sessi\u00f3.<\/p>\n<p><b>Cookies persistents:<\/b><\/p>\n<p>S\u00f3n aquelles en qu\u00e8 les dades segueixen emmagatzemades al terminal i poden ser accedides i tractades durant un per\u00edode definit pel responsable de la galeta, i que pot anar d&#039;uns minuts a diversos anys. Pel que fa a aix\u00f2, s&#039;ha de valorar espec\u00edficament si \u00e9s necess\u00e0ria la utilitzaci\u00f3 de cookies persistents, ja que els riscos per a la privadesa podrien reduir-se mitjan\u00e7ant la utilitzaci\u00f3 de cookies de sessi\u00f3. En tot cas, quan s&#039;instal\u00b7len galetes persistents, es recomana reduir al m\u00ednim necessari la seva durada temporal atenent a la finalitat del seu \u00fas. A aquests efectes, el Dictamen 4\/2012 del GT29 va indicar que perqu\u00e8 una galeta pugui estar exempta del deure de consentiment informat, la seva caducitat ha d&#039;estar relacionada amb la finalitat. A causa d&#039;aix\u00f2, \u00e9s molt m\u00e9s probable que es considerin exceptuades les galetes de sessi\u00f3 que les persistents.<\/p>\n<p><b>Detall de cookies utilitzades en aquesta web:<\/b><\/p>\n<div>\n<ul>\n<li style=\"list-style-type: none;\">\n<ul>\n<li><strong>_ga<\/strong><br \/>\nID used to identify users<br \/>\nCategoria: Analytics.<br \/>\nDurada: 2 years.<br \/>\nPol\u00edtica de privadesa:\u00a0<a href=\"https:\/\/privacy.google.com\/take-control.html\">https:\/\/privacy.google.com\/take-control.html<\/a><\/li>\n<\/ul>\n<\/li>\n<\/ul>\n<ul>\n<li style=\"list-style-type: none;\">\n<ul>\n<li><strong>_ga_LN9N6DPGS0<\/strong><\/li>\n<\/ul>\n<\/li>\n<\/ul>\n<ul>\n<li style=\"list-style-type: none;\">\n<ul>\n<li><strong>_gid<\/strong><br \/>\nID amb identify users for 24 hours after last activity<br \/>\nCategoria: Analytics.<br \/>\nDurada: 24 hours.<br \/>\nPol\u00edtica de privadesa:\u00a0<a href=\"https:\/\/privacy.google.com\/take-control.html\">https:\/\/privacy.google.com\/take-control.html<\/a><\/li>\n<\/ul>\n<\/li>\n<\/ul>\n<ul>\n<li style=\"list-style-type: none;\">\n<ul>\n<li><strong>fusionredux_current_tab<\/strong><\/li>\n<\/ul>\n<\/li>\n<\/ul>\n<ul>\n<li style=\"list-style-type: none;\">\n<ul>\n<li><strong>hasConsent<\/strong><\/li>\n<\/ul>\n<\/li>\n<\/ul>\n<ul>\n<li style=\"list-style-type: none;\">\n<ul>\n<li><strong>hasConsents<\/strong><\/li>\n<\/ul>\n<\/li>\n<\/ul>\n<ul>\n<li style=\"list-style-type: none;\">\n<ul>\n<li><strong>wordpress_test_cookie<\/strong><br \/>\nCookie set by WordPress per a la check if the cookies s\u00f3n enabled on the browser to provide appropriate user experience to the users<br \/>\nCategoria: Functional.<br \/>\nDurada: session.<br \/>\nPol\u00edtica de privadesa:\u00a0<a href=\"https:\/\/asociacioninternacionaltri.org\/ca\/politica-de-cookies\/n\/a\/\">N\/A<\/a><\/li>\n<\/ul>\n<\/li>\n<\/ul>\n<\/div>\n<\/div><\/div><\/div><\/div><\/div>","protected":false},"excerpt":{"rendered":"","protected":false},"author":1,"featured_media":0,"parent":0,"menu_order":0,"comment_status":"closed","ping_status":"closed","template":"","meta":{"footnotes":""},"class_list":["post-20879","page","type-page","status-publish","hentry"],"_links":{"self":[{"href":"https:\/\/asociacioninternacionaltri.org\/ca\/wp-json\/wp\/v2\/pages\/20879","targetHints":{"allow":["GET"]}}],"collection":[{"href":"https:\/\/asociacioninternacionaltri.org\/ca\/wp-json\/wp\/v2\/pages"}],"about":[{"href":"https:\/\/asociacioninternacionaltri.org\/ca\/wp-json\/wp\/v2\/types\/page"}],"author":[{"embeddable":true,"href":"https:\/\/asociacioninternacionaltri.org\/ca\/wp-json\/wp\/v2\/users\/1"}],"replies":[{"embeddable":true,"href":"https:\/\/asociacioninternacionaltri.org\/ca\/wp-json\/wp\/v2\/comments?post=20879"}],"version-history":[{"count":9,"href":"https:\/\/asociacioninternacionaltri.org\/ca\/wp-json\/wp\/v2\/pages\/20879\/revisions"}],"predecessor-version":[{"id":21691,"href":"https:\/\/asociacioninternacionaltri.org\/ca\/wp-json\/wp\/v2\/pages\/20879\/revisions\/21691"}],"wp:attachment":[{"href":"https:\/\/asociacioninternacionaltri.org\/ca\/wp-json\/wp\/v2\/media?parent=20879"}],"curies":[{"name":"wp","href":"https:\/\/api.w.org\/{rel}","templated":true}]}}