{"id":20979,"date":"2023-12-20T11:01:39","date_gmt":"2023-12-20T10:01:39","guid":{"rendered":"https:\/\/asociacioninternacionaltri.org\/?page_id=20979"},"modified":"2024-01-29T16:20:08","modified_gmt":"2024-01-29T15:20:08","slug":"entrenadors","status":"publish","type":"page","link":"https:\/\/asociacioninternacionaltri.org\/ca\/entrenadores\/","title":{"rendered":"Entrenadors"},"content":{"rendered":"<p><div class=\"fusion-fullwidth fullwidth-box fusion-builder-row-1 fusion-flex-container has-pattern-background has-mask-background nonhundred-percent-fullwidth non-hundred-percent-height-scrolling\" style=\"--awb-border-radius-top-left:0px;--awb-border-radius-top-right:0px;--awb-border-radius-bottom-right:0px;--awb-border-radius-bottom-left:0px;--awb-flex-wrap:wrap;\" ><div class=\"fusion-builder-row fusion-row fusion-flex-align-items-flex-start fusion-flex-content-wrap\" style=\"max-width:1248px;margin-left: calc(-4% \/ 2 );margin-right: calc(-4% \/ 2 );\"><div class=\"fusion-layout-column fusion_builder_column fusion-builder-column-0 fusion_builder_column_1_1 1_1 fusion-flex-column\" style=\"--awb-bg-size:cover;--awb-width-large:100%;--awb-margin-top-large:0px;--awb-spacing-right-large:1.92%;--awb-margin-bottom-large:20px;--awb-spacing-left-large:1.92%;--awb-width-medium:100%;--awb-order-medium:0;--awb-spacing-right-medium:1.92%;--awb-spacing-left-medium:1.92%;--awb-width-small:100%;--awb-order-small:0;--awb-spacing-right-small:1.92%;--awb-spacing-left-small:1.92%;\"><div class=\"fusion-column-wrapper fusion-column-has-shadow fusion-flex-justify-content-flex-start fusion-content-layout-column\"><div class=\"fusion-title title fusion-title-1 fusion-sep-none fusion-title-text fusion-title-size-one\"><h1 class=\"fusion-title-heading title-heading-left fusion-responsive-typography-calculated\" style=\"margin:0;--fontSize:36;line-height:1.4;\">Anna Flores, Creadora i \u00fanica entrenadora de la Certificaci\u00f3 en T.R.I.\u00ae<\/h1><\/div><\/div><\/div><\/div><\/div><div class=\"fusion-fullwidth fullwidth-box fusion-builder-row-2 fusion-flex-container has-pattern-background has-mask-background nonhundred-percent-fullwidth non-hundred-percent-height-scrolling\" style=\"--awb-border-radius-top-left:0px;--awb-border-radius-top-right:0px;--awb-border-radius-bottom-right:0px;--awb-border-radius-bottom-left:0px;--awb-flex-wrap:wrap;\" ><div class=\"fusion-builder-row fusion-row fusion-flex-align-items-stretch fusion-flex-content-wrap\" style=\"max-width:1248px;margin-left: calc(-4% \/ 2 );margin-right: calc(-4% \/ 2 );\"><div class=\"fusion-layout-column fusion_builder_column fusion-builder-column-1 fusion_builder_column_1_3 1_3 fusion-flex-column\" style=\"--awb-bg-position:center center;--awb-bg-size:cover;--awb-width-large:33.333333333333%;--awb-margin-top-large:0px;--awb-spacing-right-large:5.76%;--awb-margin-bottom-large:36px;--awb-spacing-left-large:5.76%;--awb-width-medium:100%;--awb-order-medium:0;--awb-spacing-right-medium:1.92%;--awb-spacing-left-medium:1.92%;--awb-width-small:100%;--awb-order-small:0;--awb-spacing-right-small:1.92%;--awb-spacing-left-small:1.92%;\" data-scroll-devices=\"small-visibility,medium-visibility,large-visibility\"><div class=\"fusion-column-wrapper lazyload fusion-column-has-shadow fusion-flex-justify-content-flex-start fusion-content-layout-column fusion-empty-column-bg-image fusion-column-has-bg-image\" data-bg-url=\"https:\/\/asociacioninternacionaltri.org\/wp-content\/uploads\/2024\/01\/AnnaFlores-63-scaled.jpg\" data-bg=\"https:\/\/asociacioninternacionaltri.org\/wp-content\/uploads\/2024\/01\/AnnaFlores-63-scaled.jpg\"><img decoding=\"async\" class=\"fusion-empty-dims-img-placeholder fusion-no-large-visibility\" src=\"data:image\/svg+xml,%3Csvg%20xmlns%3D%27http%3A%2F%2Fwww.w3.org%2F2000%2Fsvg%27%20width%3D%271707%27%20height%3D%272560%27%20viewBox%3D%270%200%201707%202560%27%3E%3Crect%20width%3D%271707%27%20height%3D%272560%27%20fill-opacity%3D%220%22%2F%3E%3C%2Fsvg%3E\"><\/div><\/div><div class=\"fusion-layout-column fusion_builder_column fusion-builder-column-2 fusion_builder_column_2_3 2_3 fusion-flex-column\" style=\"--awb-bg-size:cover;--awb-width-large:66.666666666667%;--awb-margin-top-large:0px;--awb-spacing-right-large:2.88%;--awb-margin-bottom-large:20px;--awb-spacing-left-large:2.88%;--awb-width-medium:100%;--awb-order-medium:0;--awb-spacing-right-medium:1.92%;--awb-spacing-left-medium:1.92%;--awb-width-small:100%;--awb-order-small:0;--awb-spacing-right-small:1.92%;--awb-spacing-left-small:1.92%;\"><div class=\"fusion-column-wrapper fusion-column-has-shadow fusion-flex-justify-content-flex-start fusion-content-layout-column\"><div class=\"fusion-text fusion-text-1\" style=\"--awb-font-size:1.3rem;--awb-margin-right:5%;\"><p>Fins ara nom\u00e9s hi ha una entrenadora oficial de T.R.I.\u00ae avalada per l'Associaci\u00f3 de Ter\u00e0pia de Reprogramaci\u00f3 Integral, T.R.I.\u00ae: <strong><a href=\"https:\/\/annaflores.es\/anna-flores\/\" target=\"_blank\" rel=\"noopener\">Anna Flores<\/a><\/strong>, qui \u00e9s la creadora del m\u00e8tode.<\/p>\n<p>Anna va crear aquest m\u00e8tode al llarg de diversos anys de generar canvi i transformaci\u00f3 en la vida dels seus clients acompanyant-los a aconseguir els seus objectius i resolent problem\u00e0tiques molt diverses.<\/p>\n<p>Al llarg d&#039;aquesta extensa traject\u00f2ria professional, va poder concloure de manera irrefutable que les estrat\u00e8gies que havia utilitzat durant molt de temps, com el Coaching, la PNL i la Hipnosi, eines, d&#039;altra banda tan poderoses que s\u00f3n capaces de generar canvis extraordinaris, no estaven afavorint aquests excel\u00b7lents resultats desitjats en determinats processos que estava duent a terme en els darrers anys amb alguns dels seus clients.<\/p>\n<p>A causa del seu inter\u00e8s personal d'oferir, amb el seu treball d'acompanyament, les mateixes opcions d'\u00e8xit a totes les persones que contractaven els seus serveis i sol\u00b7licitaven sessions individuals, va comen\u00e7ar a anar modificant de mica en mica les eines que havia fet servir per d\u00e8cades arribant a la creaci\u00f3 de les seves pr\u00f2pies i, per extensi\u00f3, tot un model terap\u00e8utic (T.R.I.\u00ae). Per aix\u00f2, no nom\u00e9s \u00e9s la creadora, sin\u00f3 que, de moment, \u00e9s l'\u00fanica persona capacitada per expandir-lo i certificar nous terapeutes de T.R.I.\u00ae garantint aix\u00ed la qualitat de l'aprenentatge per a la seva posterior aplicaci\u00f3 en ter\u00e0pia.<\/p>\n<p>La pres\u00e8ncia d'Anna Flores com a formadora de T.R.I.\u00ae aporta un gran valor a la certificaci\u00f3, ja que \u00e9s l'\u00fanica amb l'experi\u00e8ncia necess\u00e0ria per compartir exemples reals, explicar casos d'\u00e8xit i alertar els alumnes sobre les dificultats amb qu\u00e8 es podrien trobar a el proc\u00e9s dacompanyament a clients.<\/p>\n<p>El coneixement i la traject\u00f2ria d&#039;Anna al camp brinden als estudiants una perspectiva \u00fanica i enriquidora durant el proc\u00e9s de formaci\u00f3.<\/p>\n<\/div><\/div><\/div><\/div><\/div><div class=\"fusion-fullwidth fullwidth-box fusion-builder-row-3 fusion-flex-container has-pattern-background has-mask-background nonhundred-percent-fullwidth non-hundred-percent-height-scrolling\" style=\"--awb-border-radius-top-left:0px;--awb-border-radius-top-right:0px;--awb-border-radius-bottom-right:0px;--awb-border-radius-bottom-left:0px;--awb-flex-wrap:wrap;\" ><div class=\"fusion-builder-row fusion-row fusion-flex-align-items-flex-start fusion-flex-content-wrap\" style=\"max-width:1248px;margin-left: calc(-4% \/ 2 );margin-right: calc(-4% \/ 2 );\"><div class=\"fusion-layout-column fusion_builder_column fusion-builder-column-3 fusion_builder_column_1_1 1_1 fusion-flex-column\" style=\"--awb-bg-size:cover;--awb-width-large:100%;--awb-margin-top-large:0px;--awb-spacing-right-large:1.92%;--awb-margin-bottom-large:20px;--awb-spacing-left-large:1.92%;--awb-width-medium:100%;--awb-order-medium:0;--awb-spacing-right-medium:1.92%;--awb-spacing-left-medium:1.92%;--awb-width-small:100%;--awb-order-small:0;--awb-spacing-right-small:1.92%;--awb-spacing-left-small:1.92%;\"><div class=\"fusion-column-wrapper fusion-column-has-shadow fusion-flex-justify-content-flex-start fusion-content-layout-column\"><div class=\"fusion-title title fusion-title-2 fusion-sep-none fusion-title-text fusion-title-size-one\"><h1 class=\"fusion-title-heading title-heading-left fusion-responsive-typography-calculated\" style=\"margin:0;--fontSize:36;line-height:1.4;\">Qu\u00e8 opinen de la formaci\u00f3 T.R.I.\u00ae?<\/h1><\/div><\/div><\/div><\/div><\/div><div class=\"fusion-fullwidth fullwidth-box fusion-builder-row-4 fusion-flex-container has-pattern-background has-mask-background nonhundred-percent-fullwidth non-hundred-percent-height-scrolling\" style=\"--awb-border-radius-top-left:0px;--awb-border-radius-top-right:0px;--awb-border-radius-bottom-right:0px;--awb-border-radius-bottom-left:0px;--awb-min-height:400px;--awb-flex-wrap:nowrap;\" ><div class=\"fusion-builder-row fusion-row fusion-flex-align-items-flex-start fusion-flex-align-content-space-around fusion-flex-content-wrap\" style=\"max-width:1248px;margin-left: calc(-4% \/ 2 );margin-right: calc(-4% \/ 2 );\"><div class=\"fusion-layout-column fusion_builder_column fusion-builder-column-4 fusion_builder_column_1_1 1_1 fusion-flex-column fusion-flex-align-self-stretch\" style=\"--awb-bg-size:cover;--awb-transition:filter 1575ms ease, transform 1575ms ease, background-color 1575ms ease, border-color 1575ms ease;--awb-width-large:100%;--awb-margin-top-large:0px;--awb-spacing-right-large:1.92%;--awb-margin-bottom-large:0px;--awb-spacing-left-large:1.92%;--awb-width-medium:100%;--awb-order-medium:0;--awb-spacing-right-medium:1.92%;--awb-spacing-left-medium:1.92%;--awb-width-small:100%;--awb-order-small:0;--awb-spacing-right-small:1.92%;--awb-spacing-left-small:1.92%;\" data-scroll-devices=\"small-visibility,medium-visibility,large-visibility\"><div class=\"fusion-column-wrapper fusion-column-has-shadow fusion-flex-justify-content-space-between fusion-content-layout-column\"><div class=\"fusion-testimonials classic awb-speech-bubble-show fusion-testimonials-1\" style=\"--awb-textcolor:#747474;--awb-backgroundcolor:#f6f6f6;--awb-testimonial-border-style:solid;--awb-testimonial-border-color:var(--awb-color3);--awb-navigation-size:12px;--awb-border-top-left-radius:0px;--awb-border-top-right-radius:0px;--awb-border-bottom-left-radius:0px;--awb-border-bottom-right-radius:0px;--testimonial-border-width-top:0px;--testimonial-border-width-right:0px;--testimonial-border-width-bottom:0px;--testimonial-border-width-left:0px;\" data-random=\"0\" data-speed=\"6000\"><div class=\"reviews\"><div class=\"review active-testimonial alignment-left avatar-image\"><blockquote><div class=\"awb-quote\"><div class=\"awb-quote-content\">\n<p>Una formaci\u00f3 \u00fanica i imprescindible per a tothom que vulgui adquirir eines pr\u00e0ctiques que ajudin a impulsar el canvi. Anna ha estat molt generosa en haver creat aquest model des de la seva experi\u00e8ncia i no puc estar m\u00e9s agra\u00efda per tot el que he apr\u00e8s i em servir\u00e0 per ajudar les persones.<\/p>\n<\/div><\/div><span class=\"awb-triangle\"><\/span><\/blockquote><div class=\"author\"><span class=\"testimonial-thumbnail\"><img decoding=\"async\" class=\"testimonial-image lazyload\" src=\"data:image\/svg+xml,%3Csvg%20xmlns%3D%27http%3A%2F%2Fwww.w3.org%2F2000%2Fsvg%27%20width%3D%271536%27%20height%3D%272048%27%20viewBox%3D%270%200%201536%202048%27%3E%3Crect%20width%3D%271536%27%20height%3D%272048%27%20fill-opacity%3D%220%22%2F%3E%3C%2Fsvg%3E\" width=\"1536\" height=\"2048\" data-orig-src=\"https:\/\/asociacioninternacionaltri.org\/wp-content\/uploads\/2023\/12\/Foto-Desiree-Caicedo.jpeg\" \/><\/span><span class=\"company-name\"><strong>Desir\u00e9e Caicedo<\/strong><span>, <\/span><span>Coach amb PNL. <\/span><\/span><\/div><\/div><div class=\"review alignment-left avatar-image\"><blockquote><div class=\"awb-quote\"><div class=\"awb-quote-content\">\n<p>Quan vaig acabar el curs de TRI\u00ae d&#039;Anna Flores, que vaig fer presencial a Barcelona i algunes classes online, vaig comen\u00e7ar a utilitzar el m\u00e8tode a la feina: puc confirmar que \u00e9s poder\u00f3s i que els encanta als clients.<\/p>\n<p>Durant el curs vaig aprendre amb facilitat gr\u00e0cies a la manera d&#039;explicar de l&#039;Anna i les practiques que em van servir per aclarir qualsevol dubte que podia tenir. M&#039;he sentit recolzada i acompanyada per superar les meves pr\u00f2pies limitacions.<\/p>\n<p>El m\u00e9s sorprenent de tot \u00e9s que aquest m\u00e8tode t&#039;ajuda a deixar anar sense reviure el patiment desbloquejant-te i empoderant-te per poder solucionar els teus problemes i ser present a l&#039;aqu\u00ed i ara.<\/p>\n<p>Per mi hi ha un abans i un despr\u00e9s d&#039;aquest curs: \u00e9s com si ara de deb\u00f2 tinc les eines correctes per poder acompanyar les persones i solucionar-ne els problemes.<\/p>\n<p>Pel que fa a les classes com sempre \u00e9s un plaer poder participar als cursos d&#039;Anna on sempre aprenc i prenc m\u00e9s consci\u00e8ncia de mi mateixa per ser millor persona i professional.<\/p>\n<\/div><\/div><span class=\"awb-triangle\"><\/span><\/blockquote><div class=\"author\"><span class=\"testimonial-thumbnail\"><img decoding=\"async\" class=\"testimonial-image lazyload\" src=\"data:image\/svg+xml,%3Csvg%20xmlns%3D%27http%3A%2F%2Fwww.w3.org%2F2000%2Fsvg%27%20width%3D%271080%27%20height%3D%271080%27%20viewBox%3D%270%200%201080%201080%27%3E%3Crect%20width%3D%271080%27%20height%3D%271080%27%20fill-opacity%3D%220%22%2F%3E%3C%2Fsvg%3E\" width=\"1080\" height=\"1080\" data-orig-src=\"https:\/\/asociacioninternacionaltri.org\/wp-content\/uploads\/2023\/12\/Foto-Elisa-Montrocculi.png\" \/><\/span><span class=\"company-name\"><strong>Elisa Montrucroli<\/strong><span>, <\/span><span>Coach i Training Manager<\/span><\/span><\/div><\/div><div class=\"review alignment-left avatar-image\"><blockquote><div class=\"awb-quote\"><div class=\"awb-quote-content\">\n<p>Haver-me format com a terapeuta TRI, amb l&#039;Anna, marca un abans i un despr\u00e9s en la meva oferta com a Coach. Ara despr\u00e9s de la formaci\u00f3 a la Ter\u00e0pia de Reprogramaci\u00f3 Integral TRI\u00ae, em sento equipada, no nom\u00e9s amb coneixements sin\u00f3 tamb\u00e9 amb eines efectives per contribuir positivament a acompanyar les persones cap al seu benestar, amb una manera suau i amable de canviar automatismes i deixar enrere limitacions, per aconseguir canvis en el present i crear aquest futur desitjat.<\/p>\n<p>Gr\u00e0cies Anna per oferir aquesta formaci\u00f3, compartir la teva experi\u00e8ncia generant aprenentatge amb una combinaci\u00f3 perfecta entre la teoria i la pr\u00e0ctica.<\/p>\n<\/div><\/div><span class=\"awb-triangle\"><\/span><\/blockquote><div class=\"author\"><span class=\"testimonial-thumbnail\"><img decoding=\"async\" class=\"testimonial-image lazyload\" src=\"data:image\/svg+xml,%3Csvg%20xmlns%3D%27http%3A%2F%2Fwww.w3.org%2F2000%2Fsvg%27%20width%3D%273375%27%20height%3D%273375%27%20viewBox%3D%270%200%203375%203375%27%3E%3Crect%20width%3D%273375%27%20height%3D%273375%27%20fill-opacity%3D%220%22%2F%3E%3C%2Fsvg%3E\" width=\"3375\" height=\"3375\" data-orig-src=\"https:\/\/asociacioninternacionaltri.org\/wp-content\/uploads\/2023\/12\/Foto-Carmen-Reguengo.png\" \/><\/span><span class=\"company-name\"><strong>Carmen Reguengo<\/strong><span>, <\/span><span>Coach Hol\u00edstic<\/span><\/span><\/div><\/div><div class=\"review alignment-left avatar-image\"><blockquote><div class=\"awb-quote\"><div class=\"awb-quote-content\">\n<p>Aquest curs de TRI\u00ae, Ter\u00e0pia de Reprogramaci\u00f3 Integral, ha estat una gran experi\u00e8ncia que m&#039;ha obert un cam\u00ed nou i un nou horitz\u00f3 per ajudar i acompanyar.<\/p>\n<p>Gr\u00e0cies per tot Anna.<\/p>\n<\/div><\/div><span class=\"awb-triangle\"><\/span><\/blockquote><div class=\"author\"><span class=\"testimonial-thumbnail\"><img decoding=\"async\" class=\"testimonial-image lazyload\" src=\"data:image\/svg+xml,%3Csvg%20xmlns%3D%27http%3A%2F%2Fwww.w3.org%2F2000%2Fsvg%27%20width%3D%271878%27%20height%3D%272048%27%20viewBox%3D%270%200%201878%202048%27%3E%3Crect%20width%3D%271878%27%20height%3D%272048%27%20fill-opacity%3D%220%22%2F%3E%3C%2Fsvg%3E\" width=\"1878\" height=\"2048\" data-orig-src=\"https:\/\/asociacioninternacionaltri.org\/wp-content\/uploads\/2023\/12\/Foto-Laia-Vazquez.jpeg\" \/><\/span><span class=\"company-name\"><strong>Laia Vazquez<\/strong><span>, <\/span><span> Terapeuta<\/span><\/span><\/div><\/div><div class=\"review alignment-left avatar-image\"><blockquote><div class=\"awb-quote\"><div class=\"awb-quote-content\">\n<p>Ha estat una formaci\u00f3 de qualitat, professionalitat de nivell alt\u00edssim i atenci\u00f3 al detall. Destacaria el car\u00e0cter experiencial \u00fanic i pr\u00e0ctic del curs i la seva metodologia. Anna, ha sabut recopilar en aquesta formaci\u00f3 les eines m\u00e9s reeixides i de m\u00e9s resultat obtingut en la seva llarga experi\u00e8ncia professional en l&#039;\u00e0mbit de l&#039;empresa i en l&#039;acompanyament personal.<\/p>\n<p>Anna Flores \u00e9s una excel\u00b7lent persona molt propera, el principal objectiu de la qual \u00e9s deixar un impacte positiu al m\u00f3n!!. Recomano aquest curs.<\/p>\n<p>Gr\u00e0cies pel teu temps, paci\u00e8ncia i la teva gran professionalitat.<\/p>\n<\/div><\/div><span class=\"awb-triangle\"><\/span><\/blockquote><div class=\"author\"><span class=\"testimonial-thumbnail\"><img decoding=\"async\" class=\"testimonial-image lazyload\" src=\"data:image\/svg+xml,%3Csvg%20xmlns%3D%27http%3A%2F%2Fwww.w3.org%2F2000%2Fsvg%27%20width%3D%27567%27%20height%3D%27615%27%20viewBox%3D%270%200%20567%20615%27%3E%3Crect%20width%3D%27567%27%20height%3D%27615%27%20fill-opacity%3D%220%22%2F%3E%3C%2Fsvg%3E\" width=\"567\" height=\"615\" data-orig-src=\"https:\/\/asociacioninternacionaltri.org\/wp-content\/uploads\/2023\/12\/Isabel-Perez-3-600x615-1.jpg\" \/><\/span><span class=\"company-name\"><strong>Isabel P\u00e9rez<\/strong><span>, <\/span><span>Nuerocoach<\/span><\/span><\/div><\/div><div class=\"review alignment-left avatar-image\"><blockquote><div class=\"awb-quote\"><div class=\"awb-quote-content\">\n<p>Se&#039;m fa molt dif\u00edcil descriure en una ressenya el que ha significat per a mi formar-me a Ter\u00e0pia de Reprogramaci\u00f3 Integral, TRI,\u00ae, en la meva construcci\u00f3 professional acompanyant persones a millorar les seves vides.<\/p>\n<p>Aquesta ter\u00e0pia genera un canvi molt gran amb un sistema ben senzill i absolutament ple d&#039;humanitat, com no podia ser altrament si coneixes la seva creadora.<\/p>\n<p>Per mi ha significat un m\u00e8tode que em permet cr\u00e9ixer i sentir-me totalment lliure com a persona que acompanya altres persones en el seu creixement i desenvolupament.<\/p>\n<p>A m\u00e9s, els resultats que estic veient en els clients que s&#039;endinsen en un proc\u00e9s de TRI\u00ae, programa de 5 sessions de Ter\u00e0pia de Reprogramaci\u00f3 Integral, em sorprenen completament di\u00e0riament.<\/p>\n<p>Estar\u00e9 agra\u00eft a Anna per tota la vida.<\/p>\n<\/div><\/div><span class=\"awb-triangle\"><\/span><\/blockquote><div class=\"author\"><span class=\"testimonial-thumbnail\"><img decoding=\"async\" class=\"testimonial-image lazyload\" src=\"data:image\/svg+xml,%3Csvg%20xmlns%3D%27http%3A%2F%2Fwww.w3.org%2F2000%2Fsvg%27%20width%3D%272560%27%20height%3D%271442%27%20viewBox%3D%270%200%202560%201442%27%3E%3Crect%20width%3D%272560%27%20height%3D%271442%27%20fill-opacity%3D%220%22%2F%3E%3C%2Fsvg%3E\" width=\"2560\" height=\"1442\" data-orig-src=\"https:\/\/asociacioninternacionaltri.org\/wp-content\/uploads\/2023\/12\/DSC08403-scaled.jpg\" \/><\/span><span class=\"company-name\"><strong>Joan Marc Salaet<\/strong><span>, <\/span><span>Coach Expert a PNL<\/span><\/span><\/div><\/div><div class=\"review alignment-left avatar-image\"><blockquote><div class=\"awb-quote\"><div class=\"awb-quote-content\">\n<p>No em puc sentir m\u00e9s orgullosa d&#039;haver cursat la primera edici\u00f3 de la formaci\u00f3 de TRI \u00ae de la qual no tinc dubte suposar\u00e0 un punt d&#039;inflexi\u00f3 a nivell professional a la meva carrera. En el curs d&#039;Anna Flores per certificar-te a TRI\u00ae, no nom\u00e9s et formes, el m\u00e9s important \u00e9s que et prepara per a casos reals , molt diferent d&#039;altres cursos que he assistit amb formadors que no exerceixen amb clients i que no et preparen per a all\u00f2 que et trobar\u00e0s a la realitat de les teves sessions.<\/p>\n<p>Recomano aquesta formaci\u00f3 per a aquells que vulguin dedicar-se professionalment a l&#039;acompanyament emocional perqu\u00e8 he pogut comprovar la seva efectivitat en clients amb problem\u00e0tiques molt generalitzades i comportaments molt cronificats en el temps. Eternament agra\u00efda a Anna Flores, ja no nom\u00e9s per la revoluci\u00f3 que suposa el seu model TRI \u00ae sin\u00f3 tamb\u00e9 per haver creat un model tan VERITABLE d&#039;\u00e8xit, que permetr\u00e0 millorar la professi\u00f3 de tants terapeutes, i la de totes aquelles persones que puguem acompanyar .<\/p>\n<p>Diuen que l&#039;ensenyament m\u00e9s que no pas impartir coneixement \u00e9s inspirar el canvi. Gr\u00e0cies Mestra per transmetre tanta saviesa i ser el far que il\u00b7lumina tants camins.<\/p>\n<\/div><\/div><span class=\"awb-triangle\"><\/span><\/blockquote><div class=\"author\"><span class=\"testimonial-thumbnail\"><img decoding=\"async\" class=\"testimonial-image lazyload\" src=\"data:image\/svg+xml,%3Csvg%20xmlns%3D%27http%3A%2F%2Fwww.w3.org%2F2000%2Fsvg%27%20width%3D%271080%27%20height%3D%271920%27%20viewBox%3D%270%200%201080%201920%27%3E%3Crect%20width%3D%271080%27%20height%3D%271920%27%20fill-opacity%3D%220%22%2F%3E%3C%2Fsvg%3E\" width=\"1080\" height=\"1920\" data-orig-src=\"https:\/\/asociacioninternacionaltri.org\/wp-content\/uploads\/2023\/12\/Foto-Queralt-Cordoba.jpeg\" \/><\/span><span class=\"company-name\"><strong>Queralt C\u00f2rdova<\/strong><span>, <\/span><span>Coach i Trainer de PNL i Coaching<\/span><\/span><\/div><\/div><div class=\"review alignment-left avatar-image\"><blockquote><div class=\"awb-quote\"><div class=\"awb-quote-content\">\n<p>Un curs ple d&#039;aprenentatges que ha estat una experi\u00e8ncia inoblidable en companyia d&#039;\u00e0nimes amb la mateixa passi\u00f3 on aprens a enriquir la vida dels altres!<\/p>\n<p>Gr\u00e0cies, Anna Flores per ensenyar-me a compartir!!!<\/p>\n<\/div><\/div><span class=\"awb-triangle\"><\/span><\/blockquote><div class=\"author\"><span class=\"testimonial-thumbnail\"><img decoding=\"async\" class=\"testimonial-image lazyload\" src=\"data:image\/svg+xml,%3Csvg%20xmlns%3D%27http%3A%2F%2Fwww.w3.org%2F2000%2Fsvg%27%20width%3D%271957%27%20height%3D%272048%27%20viewBox%3D%270%200%201957%202048%27%3E%3Crect%20width%3D%271957%27%20height%3D%272048%27%20fill-opacity%3D%220%22%2F%3E%3C%2Fsvg%3E\" width=\"1957\" height=\"2048\" data-orig-src=\"https:\/\/asociacioninternacionaltri.org\/wp-content\/uploads\/2023\/12\/FOTO-Elisabeta-Kocsis.jpeg\" \/><\/span><span class=\"company-name\"><strong>Elisabeta Kocsis<\/strong><span>, <\/span><span>Terapeuta amb PNL<\/span><\/span><\/div><\/div><div class=\"review alignment-left avatar-image\"><blockquote><div class=\"awb-quote\"><div class=\"awb-quote-content\">\n<p>La Ter\u00e0pia de Reprogramaci\u00f3 Integral, TRI\u00ae, \u00e9s una ter\u00e0pia revolucion\u00e0ria que canviar\u00e0 la vida de les persones.<\/p>\n<p>En aquest curs, Anna Flores, creadora del m\u00e8tode i formadora del curs, ens transmet el vostre coneixement i anys d&#039;experi\u00e8ncia a trav\u00e9s d&#039;eines de senzilla aplicaci\u00f3 i molt f\u00e0cils d&#039;aprendre.<\/p>\n<p>Tot i aix\u00f2, s\u00f3n t\u00e8cniques molt poderoses per ajudar que la gent tingui la vida que vol i que es mereix.<\/p>\n<\/div><\/div><span class=\"awb-triangle\"><\/span><\/blockquote><div class=\"author\"><span class=\"testimonial-thumbnail\"><img decoding=\"async\" class=\"testimonial-image lazyload\" src=\"data:image\/svg+xml,%3Csvg%20xmlns%3D%27http%3A%2F%2Fwww.w3.org%2F2000%2Fsvg%27%20width%3D%271080%27%20height%3D%271080%27%20viewBox%3D%270%200%201080%201080%27%3E%3Crect%20width%3D%271080%27%20height%3D%271080%27%20fill-opacity%3D%220%22%2F%3E%3C%2Fsvg%3E\" width=\"1080\" height=\"1080\" data-orig-src=\"https:\/\/asociacioninternacionaltri.org\/wp-content\/uploads\/2023\/12\/Foto-Mireia.png\" \/><\/span><span class=\"company-name\"><strong>Mireia Gonzalez<\/strong><span>, <\/span><span>Terapeuta<\/span><\/span><\/div><\/div><\/div><\/div><\/div><\/div><\/div><\/div><div class=\"fusion-fullwidth fullwidth-box fusion-builder-row-5 fusion-flex-container has-pattern-background has-mask-background nonhundred-percent-fullwidth non-hundred-percent-height-scrolling\" style=\"--awb-border-radius-top-left:0px;--awb-border-radius-top-right:0px;--awb-border-radius-bottom-right:0px;--awb-border-radius-bottom-left:0px;--awb-flex-wrap:wrap;\" ><div class=\"fusion-builder-row fusion-row fusion-flex-align-items-flex-start fusion-flex-content-wrap\" style=\"max-width:1248px;margin-left: calc(-4% \/ 2 );margin-right: calc(-4% \/ 2 );\"><\/div><\/div><\/p>","protected":false},"excerpt":{"rendered":"","protected":false},"author":1,"featured_media":0,"parent":0,"menu_order":0,"comment_status":"closed","ping_status":"closed","template":"","meta":{"footnotes":""},"class_list":["post-20979","page","type-page","status-publish","hentry"],"_links":{"self":[{"href":"https:\/\/asociacioninternacionaltri.org\/ca\/wp-json\/wp\/v2\/pages\/20979","targetHints":{"allow":["GET"]}}],"collection":[{"href":"https:\/\/asociacioninternacionaltri.org\/ca\/wp-json\/wp\/v2\/pages"}],"about":[{"href":"https:\/\/asociacioninternacionaltri.org\/ca\/wp-json\/wp\/v2\/types\/page"}],"author":[{"embeddable":true,"href":"https:\/\/asociacioninternacionaltri.org\/ca\/wp-json\/wp\/v2\/users\/1"}],"replies":[{"embeddable":true,"href":"https:\/\/asociacioninternacionaltri.org\/ca\/wp-json\/wp\/v2\/comments?post=20979"}],"version-history":[{"count":67,"href":"https:\/\/asociacioninternacionaltri.org\/ca\/wp-json\/wp\/v2\/pages\/20979\/revisions"}],"predecessor-version":[{"id":21667,"href":"https:\/\/asociacioninternacionaltri.org\/ca\/wp-json\/wp\/v2\/pages\/20979\/revisions\/21667"}],"wp:attachment":[{"href":"https:\/\/asociacioninternacionaltri.org\/ca\/wp-json\/wp\/v2\/media?parent=20979"}],"curies":[{"name":"wp","href":"https:\/\/api.w.org\/{rel}","templated":true}]}}