{"id":21116,"date":"2023-12-26T20:07:21","date_gmt":"2023-12-26T19:07:21","guid":{"rendered":"https:\/\/asociacioninternacionaltri.org\/?page_id=21116"},"modified":"2024-01-28T14:01:04","modified_gmt":"2024-01-28T13:01:04","slug":"formacio","status":"publish","type":"page","link":"https:\/\/asociacioninternacionaltri.org\/ca\/formacion\/","title":{"rendered":"Formaci\u00f3"},"content":{"rendered":"<p><div class=\"fusion-fullwidth fullwidth-box fusion-builder-row-1 fusion-flex-container has-pattern-background has-mask-background hundred-percent-fullwidth non-hundred-percent-height-scrolling\" style=\"--awb-border-radius-top-left:0px;--awb-border-radius-top-right:0px;--awb-border-radius-bottom-right:0px;--awb-border-radius-bottom-left:0px;--awb-padding-right:0px;--awb-padding-bottom:0px;--awb-padding-left:0px;--awb-margin-bottom:0px;--awb-flex-wrap:wrap;\" ><div class=\"fusion-builder-row fusion-row fusion-flex-align-items-flex-start fusion-flex-content-wrap\" style=\"width:104% !important;max-width:104% !important;margin-left: calc(-4% \/ 2 );margin-right: calc(-4% \/ 2 );\"><div class=\"fusion-layout-column fusion_builder_column fusion-builder-column-0 fusion_builder_column_1_1 1_1 fusion-flex-column\" style=\"--awb-bg-size:cover;--awb-width-large:100%;--awb-margin-top-large:0px;--awb-spacing-right-large:0px;--awb-margin-bottom-large:0px;--awb-spacing-left-large:0px;--awb-width-medium:100%;--awb-order-medium:0;--awb-spacing-right-medium:1.92%;--awb-spacing-left-medium:1.92%;--awb-width-small:100%;--awb-order-small:0;--awb-spacing-right-small:1.92%;--awb-spacing-left-small:1.92%;\"><div class=\"fusion-column-wrapper fusion-column-has-shadow fusion-flex-justify-content-flex-start fusion-content-layout-column\">\t\t\t\t\t<div class=\"fusion-slider-container fusion-slider-sc-formacion-tri fusion-slider-10 full-width-slider\" style=\"height:400px; max-width:100%;\" data-id=\"10\" data-full_height=\"\">\n\t\t\t\t\t\t<style type=\"text\/css\">.fusion-slider-10 .flex-direction-nav a {width:63px;height:63px;line-height:63px;font-size:25px;}<\/style>\t\t\t\t\t\t<div class=\"fusion-slider-loading\">Loading...<\/div>\n\t\t\t\t\t\t<div class=\"tfs-slider flexslider main-flex full-width-slider\" data-slider_width=\"100%\" data-slider_height=\"400px\" data-full_screen=\"0\" data-parallax=\"0\" data-nav_arrows=\"1\" data-nav_arrow_size=\"25px\" data-nav_box_width=\"63px\" data-nav_box_height=\"63px\" data-slideshow_speed=\"7000\" data-loop=\"0\" data-autoplay=\"1\" data-orderby=\"date\" data-order=\"DESC\" data-animation=\"fade\" data-animation_speed=\"600\" data-typo_sensitivity=\"1\" data-typo_factor=\"1.5\" style=\"max-width:100%;\">\n\t\t\t\t\t\t\t<ul class=\"slides\">\n\t\t\t\t\t\t\t\t\t\t\t\t\t\t\t\t\t<li data-mute=\"yes\" data-loop=\"yes\" data-autoplay=\"yes\">\n\t\t\t\t\t\t\t\t\t\t<div class=\"slide-content-container slide-content-center\" style=\"display: none;\">\n\t\t\t\t\t\t\t\t\t\t\t<div class=\"slide-content\" style=\"\">\n\t\t\t\t\t\t\t\t\t\t\t\t\t\t\t\t\t\t\t\t\t\t\t\t\t<div class=\"heading with-bg\">\n\t\t\t\t\t\t\t\t\t\t\t\t\t\t<div class=\"fusion-title-sc-wrapper\" style=\"background-color: rgba(0,0,0, 0.4);\">\n\t\t\t\t\t\t\t\t\t\t\t\t\t\t\t<div class=\"fusion-title title fusion-title-1 fusion-sep-none fusion-title-center fusion-title-text fusion-title-size-two\" style=\"--awb-text-color:#cccccc;--awb-margin-bottom:0px;--awb-sep-color:#cccccc;--awb-font-size:60px;\"><h2 class=\"fusion-title-heading title-heading-center fusion-responsive-typography-calculated\" style=\"margin:0;font-size:1em;--fontSize:60;line-height:1.33;\">Formaci\u00f3 de Ter\u00e0pia de Reprogramaci\u00f3 Integral\u00ae<\/h2><\/div>\t\t\t\t\t\t\t\t\t\t\t\t\t\t<\/div>\n\t\t\t\t\t\t\t\t\t\t\t\t\t<\/div>\n\t\t\t\t\t\t\t\t\t\t\t\t\t\t\t\t\t\t\t\t\t\t\t\t\t\t\t\t\t\t\t\t\t\t\t\t\t<div class=\"caption with-bg\">\n\t\t\t\t\t\t\t\t\t\t\t\t\t\t<div class=\"fusion-title-sc-wrapper\" style=\"background-color: rgba(0, 0, 0, 0.4);\">\n\t\t\t\t\t\t\t\t\t\t\t\t\t\t\t<div class=\"fusion-title title fusion-title-2 fusion-sep-none fusion-title-center fusion-title-text fusion-title-size-three\" style=\"--awb-text-color:#bfbfbf;--awb-margin-bottom:0px;--awb-sep-color:#bfbfbf;--awb-font-size:24px;\"><h3 class=\"fusion-title-heading title-heading-center fusion-responsive-typography-calculated\" style=\"margin:0;font-size:1em;--fontSize:24;line-height:1.58;\">Cursos Certificats amb garantia de qualitat<\/h3><\/div>\t\t\t\t\t\t\t\t\t\t\t\t\t\t<\/div>\n\t\t\t\t\t\t\t\t\t\t\t\t\t<\/div>\n\t\t\t\t\t\t\t\t\t\t\t\t\t\t\t\t\t\t\t\t\t\t\t\t\t\t\t\t\t\t\t\t\t\t\t\t\t<div class=\"buttons\" >\n\t\t\t\t\t\t\t\t\t\t\t\t\t\t\t\t\t\t\t\t\t\t\t\t\t\t\t\t\t<div class=\"tfs-button-1\"><div ><a class=\"fusion-button button-flat fusion-button-default-size button-default fusion-button-default button-1 fusion-button-default-span fusion-button-default-type\" target=\"_blank\" rel=\"noopener noreferrer\" href=\"https:\/\/asociacioninternacionaltri.org\/ca\/formacio-essencial-en-tri\/\"><span class=\"fusion-button-text\">FORMACI\u00d3 ESSENCIAL<\/span><\/a><\/div><\/div>\n\t\t\t\t\t\t\t\t\t\t\t\t\t\t\t\t\t\t\t\t\t\t\t\t\t\t\t\t\t\t\t\t\t\t\t\t\t\t\t\t\t\t\t<div class=\"tfs-button-2\"><div ><a class=\"fusion-button button-flat fusion-button-default-size button-default fusion-button-default button-2 fusion-button-default-span fusion-button-default-type\" target=\"_self\" href=\"https:\/\/asociacioninternacionaltri.org\/ca\/formacio-avancada\/\"><span class=\"fusion-button-text\">FORMACI\u00d3 AVAN\u00c7ADA<\/span><\/a><\/div><\/div>\n\t\t\t\t\t\t\t\t\t\t\t\t\t\t\t\t\t\t\t\t\t\t\t\t\t\t\t<\/div>\n\t\t\t\t\t\t\t\t\t\t\t\t\t\t\t\t\t\t\t\t\t\t\t<\/div>\n\t\t\t\t\t\t\t\t\t\t<\/div>\n\t\t\t\t\t\t\t\t\t\t\t\t\t\t\t\t\t\t\t\t\t\t\t\t\t\t\t\t\t\t\t\t\t\t\t\t\t\t\t\t<div class=\"background background-image\" style=\"background-image: url(https:\/\/asociacioninternacionaltri.org\/wp-content\/uploads\/2023\/12\/Sin-titulo.jpg);max-width:100%;height:400px;filter: progid:DXImageTransform.Microsoft.AlphaImageLoader(src='https:\/\/asociacioninternacionaltri.org\/wp-content\/uploads\/2023\/12\/Sin-titulo.jpg', sizingMethod='scale');\" data-imgwidth=\"1429\">\n\t\t\t\t\t\t\t\t\t\t\t\t\t\t\t\t\t\t\t\t\t\t\t\t\t\t\t\t\t\t\t\t\t\t\t\t\t\t\t\t\t\t\t\t\t\t\t\t\t\t\t\t\t\t\t\t\t\t\t\t\t\t\t\t\t\t<\/div>\n\t\t\t\t\t\t\t\t\t<\/li>\n\t\t\t\t\t\t\t\t\t\t\t\t\t\t\t\t\t\t\t\t\t\t\t<\/ul>\n\t\t\t\t\t\t<\/div>\n\t\t\t\t\t<\/div>\n\t\t\t\t\t\t\t\t<\/div><\/div><\/div><\/div><div class=\"fusion-fullwidth fullwidth-box fusion-builder-row-2 fusion-flex-container has-pattern-background has-mask-background nonhundred-percent-fullwidth non-hundred-percent-height-scrolling\" style=\"--awb-border-radius-top-left:0px;--awb-border-radius-top-right:0px;--awb-border-radius-bottom-right:0px;--awb-border-radius-bottom-left:0px;--awb-padding-top:20px;--awb-padding-right:20px;--awb-padding-bottom:20px;--awb-padding-left:20px;--awb-padding-right-small:0px;--awb-padding-left-small:0px;--awb-flex-wrap:wrap;\" ><div class=\"fusion-builder-row fusion-row fusion-flex-align-items-flex-start fusion-flex-content-wrap\" style=\"max-width:1248px;margin-left: calc(-4% \/ 2 );margin-right: calc(-4% \/ 2 );\"><div class=\"fusion-layout-column fusion_builder_column fusion-builder-column-1 fusion_builder_column_1_1 1_1 fusion-flex-column\" style=\"--awb-padding-left:5%;--awb-padding-right-small:16px;--awb-padding-left-small:16px;--awb-bg-size:cover;--awb-width-large:100%;--awb-margin-top-large:0px;--awb-spacing-right-large:0%;--awb-margin-bottom-large:0px;--awb-spacing-left-large:0%;--awb-width-medium:100%;--awb-order-medium:0;--awb-spacing-right-medium:1.92%;--awb-spacing-left-medium:1.92%;--awb-width-small:100%;--awb-order-small:0;--awb-spacing-right-small:1.92%;--awb-spacing-left-small:1.92%;\"><div class=\"fusion-column-wrapper fusion-column-has-shadow fusion-flex-justify-content-flex-start fusion-content-layout-column\"><div class=\"fusion-title title fusion-title-3 fusion-sep-none fusion-title-center fusion-title-text fusion-title-size-one\" style=\"--awb-text-color:var(--awb-custom_color_1);\"><h1 class=\"fusion-title-heading title-heading-center fusion-responsive-typography-calculated\" style=\"margin:0;--fontSize:36;line-height:1.4;\">FORMACI\u00d3 DE TRI\u00ae ACREDITADA PER L&#039;AITRI<\/h1><\/div><div class=\"fusion-text fusion-text-1\" style=\"--awb-font-size:1.3rem;--awb-margin-right:5%;\"><div class=\"titular-pagina-interior tit-asociate\">\n<p>L'Associaci\u00f3 Internacional de T.R.I. avala tota la formaci\u00f3 professional de T.R.I.\u00ae per exigir que es compleixi de manera rigorosa i estructurada amb els est\u00e0ndards de qualitat requerits, per tal de garantir que despr\u00e9s de la seva finalitzaci\u00f3 els futurs terapeutes no nom\u00e9s coneguin totes les t\u00e8cniques de la disciplina sin\u00f3 que les dominin a fi dexercir amb rigor i \u00e8xit els proc\u00e9s de T.R.I.\u00ae amb els seus potencials clients.<\/p>\n<p>La formaci\u00f3 en T.R.I.\u00ae est\u00e0 estructurada en tres nivells: Formaci\u00f3 Essencial, Formaci\u00f3 Avan\u00e7ada i Formaci\u00f3 d'Entrenadors.<\/p>\n<\/div>\n<\/div><div class=\"fusion-separator\" style=\"align-self: center;margin-left: auto;margin-right: auto;margin-top:20px;margin-bottom:20px;width:100%;max-width:40%;\"><div class=\"fusion-separator-border sep-single sep-solid\" style=\"--awb-height:20px;--awb-amount:20px;--awb-sep-color:var(--awb-custom_color_2);border-color:var(--awb-custom_color_2);border-top-width:2px;\"><\/div><\/div>\n<\/div><\/div><\/div><\/div><div class=\"fusion-fullwidth fullwidth-box fusion-builder-row-3 fusion-flex-container has-pattern-background has-mask-background nonhundred-percent-fullwidth non-hundred-percent-height-scrolling\" style=\"--awb-border-radius-top-left:0px;--awb-border-radius-top-right:0px;--awb-border-radius-bottom-right:0px;--awb-border-radius-bottom-left:0px;--awb-padding-bottom:20px;--awb-flex-wrap:wrap;\" ><div class=\"fusion-builder-row fusion-row fusion-flex-align-items-flex-start fusion-flex-content-wrap\" style=\"max-width:1248px;margin-left: calc(-4% \/ 2 );margin-right: calc(-4% \/ 2 );\"><div class=\"fusion-layout-column fusion_builder_column fusion-builder-column-2 fusion_builder_column_1_6 1_6 fusion-flex-column fusion-flex-align-self-stretch\" style=\"--awb-bg-size:cover;--awb-width-large:16.666666666667%;--awb-margin-top-large:0px;--awb-spacing-right-large:0%;--awb-margin-bottom-large:0px;--awb-spacing-left-large:0%;--awb-width-medium:100%;--awb-order-medium:0;--awb-spacing-right-medium:1.92%;--awb-spacing-left-medium:1.92%;--awb-width-small:100%;--awb-order-small:0;--awb-spacing-right-small:1.92%;--awb-spacing-left-small:1.92%;\"><div class=\"fusion-column-wrapper fusion-column-has-shadow fusion-flex-justify-content-center fusion-content-layout-column\"><i class=\"fb-icon-element-1 fb-icon-element fontawesome-icon fa-check fas circle-no\" style=\"--awb-iconcolor:var(--awb-custom_color_2);--awb-iconcolor-hover:#20aff7;--awb-font-size:100px;--awb-margin-top:0;--awb-margin-right:0;--awb-margin-bottom:0;--awb-margin-left:0;--awb-align-self:center;\"><\/i><\/div><\/div><div class=\"fusion-layout-column fusion_builder_column fusion-builder-column-3 fusion_builder_column_5_6 5_6 fusion-flex-column fusion-flex-align-self-center\" style=\"--awb-bg-size:cover;--awb-width-large:83.333333333333%;--awb-margin-top-large:0px;--awb-spacing-right-large:0%;--awb-margin-bottom-large:0px;--awb-spacing-left-large:0%;--awb-width-medium:100%;--awb-order-medium:0;--awb-spacing-right-medium:1.92%;--awb-spacing-left-medium:1.92%;--awb-width-small:100%;--awb-order-small:0;--awb-spacing-right-small:1.92%;--awb-spacing-left-small:1.92%;\"><div class=\"fusion-column-wrapper fusion-column-has-shadow fusion-flex-justify-content-center fusion-content-layout-column\"><div class=\"fusion-title title fusion-title-4 fusion-sep-none fusion-title-text fusion-title-size-one\"><h1 class=\"fusion-title-heading title-heading-left fusion-responsive-typography-calculated\" style=\"margin:0;--fontSize:36;line-height:1.4;\">FORMACI\u00d3 ESSENCIAL EN T.R.I.\u00ae<\/h1><\/div><div class=\"fusion-text fusion-text-2\" style=\"--awb-font-size:20px;--awb-margin-right:5%;\"><p>La formaci\u00f3 inicial \u00e9s coneguda com<a href=\"https:\/\/asociacioninternacionaltri.org\/ca\/formacio-essencial-en-tri\/\" target=\"_blank\" rel=\"noopener\"> <strong>Formaci\u00f3 Essencial<\/strong><\/a> i \u00e9s el primer nivell en qu\u00e8 els participants poden obtenir la seva certificaci\u00f3 com a Terapeuta Certificat en T.R.I.\u00ae.<\/p>\n<p>Aquesta formaci\u00f3 proporciona un t\u00edtol inicial que certifica que han assistit a totes les hores presencials i han completat totes les pr\u00e0ctiques requerides amb clients reals fora de la formaci\u00f3, que s\u00f3n personalment supervisades per Anna Flores durant el curs.<\/p>\n<p>No obstant aix\u00f2, per treballar professionalment com <strong><a href=\"https:\/\/annaflores.es\/formacion-de-terapeuta-certificado-en-tri\/\" target=\"_blank\" rel=\"noopener\">Terapeuta Certificat en T.R.I.\u00ae<\/a><\/strong>, cal obtenir el t\u00edtol atorgat per AITRI despr\u00e9s de presentar els registres dels processos complets requerits pel Comit\u00e8 Avaluatiu d&#039;AITRI en un termini m\u00e0xim d&#039;un any despr\u00e9s d&#039;haver finalitzat la formaci\u00f3.<\/p>\n<\/div><\/div><\/div><\/div><\/div><div class=\"fusion-fullwidth fullwidth-box fusion-builder-row-4 fusion-flex-container has-pattern-background has-mask-background nonhundred-percent-fullwidth non-hundred-percent-height-scrolling\" style=\"--awb-border-radius-top-left:0px;--awb-border-radius-top-right:0px;--awb-border-radius-bottom-right:0px;--awb-border-radius-bottom-left:0px;--awb-padding-bottom:20px;--awb-flex-wrap:wrap;\" ><div class=\"fusion-builder-row fusion-row fusion-flex-align-items-flex-start fusion-flex-content-wrap\" style=\"max-width:1248px;margin-left: calc(-4% \/ 2 );margin-right: calc(-4% \/ 2 );\"><div class=\"fusion-layout-column fusion_builder_column fusion-builder-column-4 fusion_builder_column_1_6 1_6 fusion-flex-column fusion-flex-align-self-stretch\" style=\"--awb-bg-size:cover;--awb-width-large:16.666666666667%;--awb-margin-top-large:0px;--awb-spacing-right-large:0%;--awb-margin-bottom-large:0px;--awb-spacing-left-large:0%;--awb-width-medium:100%;--awb-order-medium:0;--awb-spacing-right-medium:1.92%;--awb-spacing-left-medium:1.92%;--awb-width-small:100%;--awb-order-small:0;--awb-spacing-right-small:1.92%;--awb-spacing-left-small:1.92%;\"><div class=\"fusion-column-wrapper fusion-column-has-shadow fusion-flex-justify-content-center fusion-content-layout-column\"><i class=\"fb-icon-element-2 fb-icon-element fontawesome-icon fa-check-double fas circle-no\" style=\"--awb-iconcolor:var(--awb-custom_color_2);--awb-iconcolor-hover:#20aff7;--awb-font-size:100px;--awb-margin-top:0;--awb-margin-right:0;--awb-margin-bottom:0;--awb-margin-left:0;--awb-align-self:center;\"><\/i><\/div><\/div><div class=\"fusion-layout-column fusion_builder_column fusion-builder-column-5 fusion_builder_column_5_6 5_6 fusion-flex-column fusion-flex-align-self-center\" style=\"--awb-bg-size:cover;--awb-width-large:83.333333333333%;--awb-margin-top-large:0px;--awb-spacing-right-large:0%;--awb-margin-bottom-large:0px;--awb-spacing-left-large:0%;--awb-width-medium:100%;--awb-order-medium:0;--awb-spacing-right-medium:1.92%;--awb-spacing-left-medium:1.92%;--awb-width-small:100%;--awb-order-small:0;--awb-spacing-right-small:1.92%;--awb-spacing-left-small:1.92%;\"><div class=\"fusion-column-wrapper fusion-column-has-shadow fusion-flex-justify-content-center fusion-content-layout-column\"><div class=\"fusion-title title fusion-title-5 fusion-sep-none fusion-title-text fusion-title-size-one\"><h1 class=\"fusion-title-heading title-heading-left fusion-responsive-typography-calculated\" style=\"margin:0;--fontSize:36;line-height:1.4;\">FORMACI\u00d3 AVAN\u00c7ADA<\/h1><\/div><div class=\"fusion-text fusion-text-3\" style=\"--awb-font-size:20px;--awb-margin-right:5%;\"><p>La <a href=\"https:\/\/asociacioninternacionaltri.org\/ca\/formacio-avancada\/\" target=\"_blank\" rel=\"noopener\"><strong>Formaci\u00f3 avan\u00e7ada<\/strong><\/a> est\u00e0 composta per una s\u00e8rie de cursos complementaris en aspectes teoricopr\u00e0ctics que articulen un dels requisits per poder acreditar-se amb entrenador de T.R.I.\u00ae.<\/p>\n<p>Tots ells seleccionats per <strong><a href=\"https:\/\/annaflores.es\/anna-flores\/\" target=\"_blank\" rel=\"noopener\">Anna Flores<\/a><\/strong> i l'AITRI perqu\u00e8 el Terapeuta Certificat en T.R.I.\u00ae expandeixi els seus coneixements i disposi de m\u00e9s eines per suplementar les sessions T.R.I.\u00ae.<\/p>\n<p>La selecci\u00f3 d&#039;aquests cursos, seminaris i tallers s&#039;ha basat en l&#039;aportaci\u00f3 que podeu fer a la <a href=\"https:\/\/asociacioninternacionaltri.org\/ca\/formacio-essencial\/\" target=\"_blank\" rel=\"noopener\"><strong>Formaci\u00f3 Ess\u00e8ncia<\/strong>l<\/a> de la T.R.I.\u00ae sent fidel a l'ess\u00e8ncia de transformar automatisme sense la necessitat que el client hagi d'aprofundir emocionalment en el context conflictiu.<\/p>\n<\/div><\/div><\/div><\/div><\/div><div class=\"fusion-fullwidth fullwidth-box fusion-builder-row-5 fusion-flex-container has-pattern-background has-mask-background nonhundred-percent-fullwidth non-hundred-percent-height-scrolling\" style=\"--awb-border-radius-top-left:0px;--awb-border-radius-top-right:0px;--awb-border-radius-bottom-right:0px;--awb-border-radius-bottom-left:0px;--awb-padding-bottom:20px;--awb-flex-wrap:wrap;\" ><div class=\"fusion-builder-row fusion-row fusion-flex-align-items-flex-start fusion-flex-content-wrap\" style=\"max-width:1248px;margin-left: calc(-4% \/ 2 );margin-right: calc(-4% \/ 2 );\"><div class=\"fusion-layout-column fusion_builder_column fusion-builder-column-6 fusion_builder_column_1_6 1_6 fusion-flex-column fusion-flex-align-self-stretch\" style=\"--awb-bg-size:cover;--awb-width-large:16.666666666667%;--awb-margin-top-large:0px;--awb-spacing-right-large:0%;--awb-margin-bottom-large:0px;--awb-spacing-left-large:0%;--awb-width-medium:100%;--awb-order-medium:0;--awb-spacing-right-medium:1.92%;--awb-spacing-left-medium:1.92%;--awb-width-small:100%;--awb-order-small:0;--awb-spacing-right-small:1.92%;--awb-spacing-left-small:1.92%;\"><div class=\"fusion-column-wrapper fusion-column-has-shadow fusion-flex-justify-content-center fusion-content-layout-column\"><i class=\"fb-icon-element-3 fb-icon-element fontawesome-icon fa-chalkboard-teacher fas circle-no\" style=\"--awb-iconcolor:var(--awb-custom_color_2);--awb-iconcolor-hover:#20aff7;--awb-font-size:100px;--awb-margin-top:0;--awb-margin-right:0;--awb-margin-bottom:0;--awb-margin-left:0;--awb-align-self:center;\"><\/i><\/div><\/div><div class=\"fusion-layout-column fusion_builder_column fusion-builder-column-7 fusion_builder_column_5_6 5_6 fusion-flex-column fusion-flex-align-self-center\" style=\"--awb-bg-size:cover;--awb-width-large:83.333333333333%;--awb-margin-top-large:0px;--awb-spacing-right-large:0%;--awb-margin-bottom-large:0px;--awb-spacing-left-large:0%;--awb-width-medium:100%;--awb-order-medium:0;--awb-spacing-right-medium:1.92%;--awb-spacing-left-medium:1.92%;--awb-width-small:100%;--awb-order-small:0;--awb-spacing-right-small:1.92%;--awb-spacing-left-small:1.92%;\"><div class=\"fusion-column-wrapper fusion-column-has-shadow fusion-flex-justify-content-center fusion-content-layout-column\"><div class=\"fusion-title title fusion-title-6 fusion-sep-none fusion-title-text fusion-title-size-one\"><h1 class=\"fusion-title-heading title-heading-left fusion-responsive-typography-calculated\" style=\"margin:0;--fontSize:36;line-height:1.4;\">FORMACI\u00d3 D'ENTRENADORS DE T.R.I.\u00ae<\/h1><\/div><div class=\"fusion-text fusion-text-4\" style=\"--awb-font-size:20px;--awb-margin-right:5%;\"><p>L'Associaci\u00f3 Internacional de T.R.I.\u00ae  d\u00f3na suport de manera exclusiva a la Formaci\u00f3 d'Entrenadors, que nom\u00e9s pot ser impartida per la seva creadora, Anna Flores.<\/p>\n<p>\u00c9s fonamental que els futurs trainers hagin cursat per una banda la<strong> <a href=\"https:\/\/asociacioninternacionaltri.org\/ca\/formacio-avancada\/\" target=\"_blank\" rel=\"noopener\">Formaci\u00f3 avan\u00e7ada<\/a>\u00a0<\/strong>i, de l&#039;altra, que compleixin amb certs requisits previs per accedir a la formaci\u00f3 acreditativa com <strong><a href=\"https:\/\/asociacioninternacionaltri.org\/ca\/formacio-dentrenadors\/\" target=\"_blank\" rel=\"noopener\">Entrenador Certificat de TRI\u00ae<\/a><\/strong>, el que garanteix que qualsevol persona interessada a formar-se com a Terapeuta Certificat en T.R.I.\u00ae  amb un entrenador de T.R.I.\u00ae  a qualsevol pa\u00eds rebr\u00e0 una formaci\u00f3 de qualitat d'acord amb els est\u00e0ndards establerts tant per Anna Flores com per l'AITRI.<\/p>\n<p>Aquest compliment rigor\u00f3s, que inclou un proc\u00e9s de supervisi\u00f3, assegura que la qualitat de la formaci\u00f3 impartida pels entrenadors de T.R.I.\u00ae  es mantinguin en tot moment, permetent als alumnes assolir els millors resultats en el proc\u00e9s d'aprenentatge.<\/p>\n<\/div><\/div><\/div><\/div><\/div><\/p>","protected":false},"excerpt":{"rendered":"","protected":false},"author":2,"featured_media":0,"parent":0,"menu_order":0,"comment_status":"closed","ping_status":"closed","template":"100-width.php","meta":{"footnotes":""},"class_list":["post-21116","page","type-page","status-publish","hentry"],"_links":{"self":[{"href":"https:\/\/asociacioninternacionaltri.org\/ca\/wp-json\/wp\/v2\/pages\/21116","targetHints":{"allow":["GET"]}}],"collection":[{"href":"https:\/\/asociacioninternacionaltri.org\/ca\/wp-json\/wp\/v2\/pages"}],"about":[{"href":"https:\/\/asociacioninternacionaltri.org\/ca\/wp-json\/wp\/v2\/types\/page"}],"author":[{"embeddable":true,"href":"https:\/\/asociacioninternacionaltri.org\/ca\/wp-json\/wp\/v2\/users\/2"}],"replies":[{"embeddable":true,"href":"https:\/\/asociacioninternacionaltri.org\/ca\/wp-json\/wp\/v2\/comments?post=21116"}],"version-history":[{"count":17,"href":"https:\/\/asociacioninternacionaltri.org\/ca\/wp-json\/wp\/v2\/pages\/21116\/revisions"}],"predecessor-version":[{"id":21575,"href":"https:\/\/asociacioninternacionaltri.org\/ca\/wp-json\/wp\/v2\/pages\/21116\/revisions\/21575"}],"wp:attachment":[{"href":"https:\/\/asociacioninternacionaltri.org\/ca\/wp-json\/wp\/v2\/media?parent=21116"}],"curies":[{"name":"wp","href":"https:\/\/api.w.org\/{rel}","templated":true}]}}