{"id":21449,"date":"2024-01-12T11:57:36","date_gmt":"2024-01-12T10:57:36","guid":{"rendered":"https:\/\/asociacioninternacionaltri.org\/politica-de-privacidad\/"},"modified":"2024-02-07T19:54:40","modified_gmt":"2024-02-07T18:54:40","slug":"politica-de-privadesa","status":"publish","type":"page","link":"https:\/\/asociacioninternacionaltri.org\/ca\/politica-de-privacidad\/","title":{"rendered":"Pol\u00edtica de Privadesa"},"content":{"rendered":"<div class=\"fusion-fullwidth fullwidth-box fusion-builder-row-1 fusion-flex-container nonhundred-percent-fullwidth non-hundred-percent-height-scrolling\" style=\"--awb-border-radius-top-left:0px;--awb-border-radius-top-right:0px;--awb-border-radius-bottom-right:0px;--awb-border-radius-bottom-left:0px;--awb-flex-wrap:wrap;\" ><div class=\"fusion-builder-row fusion-row fusion-flex-align-items-flex-start fusion-flex-content-wrap\" style=\"max-width:1248px;margin-left: calc(-4% \/ 2 );margin-right: calc(-4% \/ 2 );\"><div class=\"fusion-layout-column fusion_builder_column fusion-builder-column-0 fusion_builder_column_1_1 1_1 fusion-flex-column\" style=\"--awb-bg-size:cover;--awb-width-large:100%;--awb-margin-top-large:0px;--awb-spacing-right-large:1.92%;--awb-margin-bottom-large:0px;--awb-spacing-left-large:1.92%;--awb-width-medium:100%;--awb-spacing-right-medium:1.92%;--awb-spacing-left-medium:1.92%;--awb-width-small:100%;--awb-spacing-right-small:1.92%;--awb-spacing-left-small:1.92%;\"><div class=\"fusion-column-wrapper fusion-flex-justify-content-flex-start fusion-content-layout-column\"><div class=\"fusion-title title fusion-title-1 fusion-sep-none fusion-title-center fusion-title-text fusion-title-size-two\"><h2 class=\"fusion-title-heading title-heading-center fusion-responsive-typography-calculated\" style=\"margin:0;--fontSize:24;line-height:1.5;\">Pol\u00edtica de Privadesa<\/h2><\/div><div class=\"fusion-separator\" style=\"align-self: center;margin-left: auto;margin-right: auto;margin-top:0px;margin-bottom:40px;width:100%;max-width:40%;\"><div class=\"fusion-separator-border sep-single sep-solid\" style=\"--awb-height:20px;--awb-amount:20px;--awb-sep-color:var(--awb-custom_color_1);border-color:var(--awb-custom_color_1);border-top-width:2px;\"><\/div><\/div><\/div><\/div><div class=\"fusion-layout-column fusion_builder_column fusion-builder-column-1 fusion_builder_column_1_1 1_1 fusion-flex-column\" style=\"--awb-bg-size:cover;--awb-width-large:100%;--awb-margin-top-large:0px;--awb-spacing-right-large:1.92%;--awb-margin-bottom-large:0px;--awb-spacing-left-large:1.92%;--awb-width-medium:100%;--awb-spacing-right-medium:1.92%;--awb-spacing-left-medium:1.92%;--awb-width-small:100%;--awb-spacing-right-small:1.92%;--awb-spacing-left-small:1.92%;\"><div class=\"fusion-column-wrapper fusion-flex-justify-content-flex-start fusion-content-layout-column\"><div class=\"fusion-text fusion-text-1\"><p>D&#039;acord amb la normativa vigent la <strong>ASSOCIACI\u00d3 INTERNACIONAL DE TRI<\/strong><b> <\/b>est\u00e0 adaptada al Reglament General de Protecci\u00f3 de Dades, comprometent-se al compliment de la seva obligaci\u00f3 de secret de les dades de car\u00e0cter personal i assumint a aquests efectes, les mesures d&#039;\u00edndole t\u00e8cnica, organitzativa i de seguretat necess\u00e0ries per evitar la seva alteraci\u00f3, p\u00e8rdua, tractament o acc\u00e9s no autoritzat. Per a m\u00e9s transpar\u00e8ncia us facilitem la seg\u00fcent informaci\u00f3.<\/p>\n<h2 class=\"fusion-responsive-typography-calculated\" data-fontsize=\"24\" data-lineheight=\"36px\">Informaci\u00f3 b\u00e0sica sobre protecci\u00f3 de dades referent al tractament de dades del formulari de contacte.<\/h2>\n<p>Responsable:&nbsp; &nbsp; &nbsp; <strong>ASSOCIACI\u00d3 INTERNACIONAL DE TRI<\/strong><br \/>Finalitat: Gesti\u00f3 de consultes i peticions.<br \/>Legitimaci\u00f3: Consentiment de l&#039;interessat<br \/>Destinataris: No es preveuen comunicacions de dades a tercers, excepte obligaci\u00f3 legal o les estrictament necess\u00e0ries per a la prestaci\u00f3 del servei.<br \/>Drets: Accedir, rectificar i suprimir les dades, aix\u00ed com altres drets, com s&#039;explica a la informaci\u00f3 addicional<br \/>Informaci\u00f3 addicional: Podeu consultar la informaci\u00f3 addicional i detallada sobre Protecci\u00f3 de a continuaci\u00f3.<\/p>\n<h3 class=\"fusion-responsive-typography-calculated\" data-fontsize=\"20\" data-lineheight=\"30px\">&nbsp;<\/h3>\n<h2 class=\"fusion-responsive-typography-calculated\" data-fontsize=\"24\" data-lineheight=\"36px\">Informaci\u00f3 detallada sobre Protecci\u00f3 de Dades referent al tractament de dades del Formulari de contacte<\/h2>\n<h3 class=\"fusion-responsive-typography-calculated\" data-fontsize=\"20\" data-lineheight=\"30px\">Qui \u00e9s el Responsable del tractament de les vostres dades?<\/h3>\n<p>Identitat: <strong>ASSOCIACI\u00d3 INTERNACIONAL DE TRI<\/strong><br \/>Dir. Postal: Diputaci\u00f3 238, \u00c0tic 8, 08007 Barcelona<br \/>Correu electr\u00f2nic: info@associacioninternacionaltri.org<br \/>Delegat PD: Anna Flores Soto<br \/>Contacte DPD: info@associacioninternacionaltri.org<\/p>\n<h3 class=\"fusion-responsive-typography-calculated\" data-fontsize=\"20\" data-lineheight=\"30px\">Amb quina finalitat tractem les vostres dades personals?<\/h3>\n<p>A <strong>ASSOCIACI\u00d3 INTERNACIONAL DE TRI<\/strong> tractem la informaci\u00f3 que ens faciliten a trav\u00e9s del mail de contacte per donar resposta a les consultes rebudes, aix\u00ed com per gestionar les peticions que ens facin.<\/p>\n<h3 class=\"fusion-responsive-typography-calculated\" data-fontsize=\"20\" data-lineheight=\"30px\">Per quant de temps conservarem les vostres dades?<\/h3>\n<p>Les dades proporcionades es conservaran mentre l&#039;interessat no sol\u00b7liciti la supressi\u00f3 de la informaci\u00f3.<\/p>\n<h3 class=\"fusion-responsive-typography-calculated\" data-fontsize=\"20\" data-lineheight=\"30px\">Quina \u00e9s la legitimaci\u00f3 per al tractament de les vostres dades?<\/h3>\n<p>La base legal per al tractament de les dades \u00e9s el consentiment de linteressat.<\/p>\n<h3 class=\"fusion-responsive-typography-calculated\" data-fontsize=\"20\" data-lineheight=\"30px\">A quins destinataris es comunicaran les vostres dades?<\/h3>\n<p><strong>ASSOCIACI\u00d3 INTERNACIONAL DE TRI<\/strong> contracta la seva infraestructura virtual segons un model de \u201ccomputaci\u00f3 al n\u00favol\u201d a trav\u00e9s de diferents prove\u00efdors ubicats dins i fora de la UE. Els prove\u00efdors de fora de la UE compleixen amb el framework \u201cEU-US Privacy Shield\u201d i no es preveuen altres comunicacions de dades a tercers, excepte obligaci\u00f3 legal.<\/p>\n<h3 class=\"fusion-responsive-typography-calculated\" data-fontsize=\"20\" data-lineheight=\"30px\">Quins s\u00f3n els vostres drets quan ens facilita les vostres dades?<\/h3>\n<p>Qualsevol persona t\u00e9 dret a obtenir confirmaci\u00f3 sobre si a <strong>ASSOCIACI\u00d3 INTERNACIONAL DE TRI<\/strong>, estem tractant dades personals que els concerneixin o no.<\/p>\n<p>Les persones interessades tenen dret a accedir a les seves dades personals, aix\u00ed com a sol\u00b7licitar la rectificaci\u00f3 de les dades inexactes o, si escau, sol\u00b7licitar-ne la supressi\u00f3 quan, entre altres motius, les dades ja no siguin necess\u00e0ries per als fins que van ser recollides.<\/p>\n<p>En determinades circumst\u00e0ncies, els interessats podran sol\u00b7licitar la limitaci\u00f3 del tractament de les seves dades, cas en qu\u00e8 \u00fanicament les conservarem per a l&#039;exercici o la defensa de reclamacions.<\/p>\n<p>En determinades circumst\u00e0ncies i per motius relacionats amb la seva situaci\u00f3 particular, els interessats es poden oposar al tractament de les seves dades. <strong>ASSOCIACI\u00d3 INTERNACIONAL DE TRI<\/strong> deixar\u00e0 de tractar les dades, tret de motius leg\u00edtims imperiosos, per a l&#039;exercici o la defensa de possibles reclamacions.<\/p>\n<p>En virtut del dret a la portabilitat, els interessats tenen dret a obtenir les dades personals que els incumbeixen en un format estructurat d\u00fas com\u00fa i lectura mec\u00e0nica ia transmetre-les a un altre responsable.<\/p>\n<h3 class=\"fusion-responsive-typography-calculated\" data-fontsize=\"20\" data-lineheight=\"30px\">Com es poden exercir els drets?<\/h3>\n<p>Mitjan\u00e7ant un escrit, adjuntant fotoc\u00f2pia del DNI o document identificatiu equivalent, dirigit a: <strong>ASSOCIACI\u00d3 INTERNACIONAL DE TRI<\/strong>, Diputaci\u00f3 238, \u00c0tic 8, 08007 Barcelona o mitjan\u00e7ant un correu electr\u00f2nic adjuntant el vostre document identificatiu al mail: info@asociacioninternacionaltri.org<\/p>\n<h3 class=\"fusion-responsive-typography-calculated\" data-fontsize=\"20\" data-lineheight=\"30px\">Quines vies de reclamaci\u00f3 hi ha?<\/h3>\n<p>Si considereu que els vostres drets no s&#039;han at\u00e8s degudament, teniu dret a presentar una reclamaci\u00f3 davant l&#039;Ag\u00e8ncia Espanyola de Protecci\u00f3 de Dades.<\/p>\n<\/div><\/div><\/div><\/div><\/div>","protected":false},"excerpt":{"rendered":"","protected":false},"author":1,"featured_media":0,"parent":0,"menu_order":0,"comment_status":"closed","ping_status":"closed","template":"","meta":{"footnotes":""},"class_list":["post-21449","page","type-page","status-publish","hentry"],"_links":{"self":[{"href":"https:\/\/asociacioninternacionaltri.org\/ca\/wp-json\/wp\/v2\/pages\/21449","targetHints":{"allow":["GET"]}}],"collection":[{"href":"https:\/\/asociacioninternacionaltri.org\/ca\/wp-json\/wp\/v2\/pages"}],"about":[{"href":"https:\/\/asociacioninternacionaltri.org\/ca\/wp-json\/wp\/v2\/types\/page"}],"author":[{"embeddable":true,"href":"https:\/\/asociacioninternacionaltri.org\/ca\/wp-json\/wp\/v2\/users\/1"}],"replies":[{"embeddable":true,"href":"https:\/\/asociacioninternacionaltri.org\/ca\/wp-json\/wp\/v2\/comments?post=21449"}],"version-history":[{"count":9,"href":"https:\/\/asociacioninternacionaltri.org\/ca\/wp-json\/wp\/v2\/pages\/21449\/revisions"}],"predecessor-version":[{"id":21697,"href":"https:\/\/asociacioninternacionaltri.org\/ca\/wp-json\/wp\/v2\/pages\/21449\/revisions\/21697"}],"wp:attachment":[{"href":"https:\/\/asociacioninternacionaltri.org\/ca\/wp-json\/wp\/v2\/media?parent=21449"}],"curies":[{"name":"wp","href":"https:\/\/api.w.org\/{rel}","templated":true}]}}