{"id":20880,"date":"2023-12-13T11:26:17","date_gmt":"2023-12-13T10:26:17","guid":{"rendered":"https:\/\/asociacioninternacionaltri.org\/personalizar-cookies\/"},"modified":"2024-02-07T18:50:40","modified_gmt":"2024-02-07T17:50:40","slug":"customize-cookies","status":"publish","type":"page","link":"https:\/\/asociacioninternacionaltri.org\/en\/personalizar-cookies\/","title":{"rendered":"Customize Cookies"},"content":{"rendered":"<div>\n      <div id=\"custom-cookies-eu-label\">\n\n        This Website only uses technical cookies for its correct functioning. By clicking the ACCEPT button, you agree to the use of this technology. Consult the cookie policy <a href=\"https:\/\/asociacioninternacionaltri.org\/en\/cookies-policy\/\">here<\/a>.\r\n\r\n&nbsp;\n          &nbsp;&nbsp;\n          \n      <\/div>\n\n      <div id=\"custom-cookies-eu-buttons\" class=\"cookies-eu-buttons\">\n        <button id=\"custom-cookies-eu-reject\" class=\"cookies-eu-reject\">Decline<\/button>\n        <button id=\"custom-cookies-eu-accept\" class=\"cookies-eu-accept\">ACCEPT ALL COOKIES<\/button><\/div>\n      <\/div>\n\n<br\/>\n<p>\n\tYou can change your cookie preferences at any time by returning to the Customize Cookies page, which you can access through the Cookie Notice. \n<\/p>\n\n<h3>Technical cookies<\/h3>\n<p>\n\tThey are those that allow registered users to navigate through the website, the restricted area and use its different functions, such as the comment system or the search engine, and cannot be deactivated.\n<\/p>","protected":false},"excerpt":{"rendered":"<p>Esta Web solo utiliza cookies t\u00e9cnicas para su correcto funcionamiento. Al hacer clic en el bot\u00f3n ACEPTAR, aceptas el uso de esta tecnolog\u00eda. Consulta la pol\u00edtica de cookies aqu\u00ed. &nbsp; &nbsp;&nbsp; Rechazar ACEPTAR TODAS LAS COOKIES Puedes cambiar tus preferencias de cookies en cualquier momento si vuelves a la p\u00e1gina de Personalizar cookies, a la [&hellip;]<\/p>\n","protected":false},"author":1,"featured_media":0,"parent":0,"menu_order":0,"comment_status":"closed","ping_status":"closed","template":"blank.php","meta":{"footnotes":""},"class_list":["post-20880","page","type-page","status-publish","hentry"],"_links":{"self":[{"href":"https:\/\/asociacioninternacionaltri.org\/en\/wp-json\/wp\/v2\/pages\/20880","targetHints":{"allow":["GET"]}}],"collection":[{"href":"https:\/\/asociacioninternacionaltri.org\/en\/wp-json\/wp\/v2\/pages"}],"about":[{"href":"https:\/\/asociacioninternacionaltri.org\/en\/wp-json\/wp\/v2\/types\/page"}],"author":[{"embeddable":true,"href":"https:\/\/asociacioninternacionaltri.org\/en\/wp-json\/wp\/v2\/users\/1"}],"replies":[{"embeddable":true,"href":"https:\/\/asociacioninternacionaltri.org\/en\/wp-json\/wp\/v2\/comments?post=20880"}],"version-history":[{"count":16,"href":"https:\/\/asociacioninternacionaltri.org\/en\/wp-json\/wp\/v2\/pages\/20880\/revisions"}],"predecessor-version":[{"id":21687,"href":"https:\/\/asociacioninternacionaltri.org\/en\/wp-json\/wp\/v2\/pages\/20880\/revisions\/21687"}],"wp:attachment":[{"href":"https:\/\/asociacioninternacionaltri.org\/en\/wp-json\/wp\/v2\/media?parent=20880"}],"curies":[{"name":"wp","href":"https:\/\/api.w.org\/{rel}","templated":true}]}}